{"id":109,"date":"2012-11-28T00:17:10","date_gmt":"2012-11-27T23:17:10","guid":{"rendered":"http:\/\/www.opdacia.org\/?page_id=109"},"modified":"2014-12-01T00:19:09","modified_gmt":"2014-11-30T23:19:09","slug":"ar-a","status":"publish","type":"page","link":"https:\/\/www.opdacia.org\/?page_id=109","title":{"rendered":"\u00c5r A"},"content":{"rendered":"<h1>PREKENER OG REFLEKSJONER FOR LITURGISK \u00c5R A<\/h1>\n<p>&nbsp;<\/p>\n<h2>Advents- og juletiden<\/h2>\n<h3>1. s\u00f8ndag i advent<\/h3>\n<p><a title=\"Permalenke til Vente \u2013 forvente \u2013 forberede\" href=\"http:\/\/www.opdacia.org\/?p=1047\" rel=\"bookmark\">Vente \u2013 forvente \u2013 forberede<\/a>\u00a0(2013)<\/p>\n<h3>2. s\u00f8ndag i advent<\/h3>\n<p><a title=\"Permalenke til Preparing the way\" href=\"http:\/\/www.opdacia.org\/?p=1066\" rel=\"bookmark\">Preparing the way<\/a>\u00a0(2013)<\/p>\n<h3>8. desember, Jomfru Marias uplettede unnfangelse<\/h3>\n<p><a title=\"Permalenke til Jungfru Marias utkorelse och fullkomliga renhet\" href=\"http:\/\/www.opdacia.org\/?p=1056\" rel=\"bookmark\">Jungfru Marias utkorelse och fullkomliga renhet<\/a>\u00a0(2013)<\/p>\n<h3>3. s\u00f8ndag i advent<\/h3>\n<p>&nbsp;<\/p>\n<h3>4. s\u00f8ndag i advent<\/h3>\n<p><a title=\"Permalenke til En del af Guds plan!\" href=\"http:\/\/www.opdacia.org\/?p=1087\" rel=\"bookmark\">En del af Guds plan!<\/a>\u00a0(2013)<\/p>\n<h3>Kristi f\u00f8dselsfest<\/h3>\n<p><a title=\"Permalenke til Herren jublar over deg med fryd!\" href=\"http:\/\/www.opdacia.org\/?p=1103\" rel=\"bookmark\">Herren jublar over deg med fryd!<\/a>\u00a0(2013)<\/p>\n<h3>GUDS hellige MOR MARIA<\/h3>\n<p><a title=\"Permalenke til Den heliga Maria \u2013 Guds Moder och Kyrkans Moder\" href=\"http:\/\/www.opdacia.org\/?p=1116\" rel=\"bookmark\">Den heliga Maria \u2013 Guds Moder och Kyrkans Moder<\/a>\u00a0(2014)<\/p>\n<h3>Herrens \u00e5penbaring<\/h3>\n<p><a title=\"Permalenke til EPIFANI  \u2013 festen for Herrens \u00e5penbaring\" href=\"http:\/\/www.opdacia.org\/?p=1114\" rel=\"bookmark\">EPIFANI \u2013 festen for Herrens \u00e5penbaring<\/a>\u00a0(2014)<\/p>\n<h3>Herrens d\u00e5p<\/h3>\n<p><a title=\"Permalenke til Kristi d\u00e5p\" href=\"http:\/\/www.opdacia.org\/?p=1132\" rel=\"bookmark\">Kristi d\u00e5p<\/a>\u00a0(2014)<\/p>\n<p>&nbsp;<\/p>\n<h2>Fastetiden<\/h2>\n<h3>Askeonsdag<\/h3>\n<p><a title=\"Permalenke til Att fasta\" href=\"http:\/\/www.opdacia.org\/?p=1262\" rel=\"bookmark\">Att fasta<\/a>\u00a0(2014)<\/p>\n<h3>1. s\u00f8ndag i faste<\/h3>\n<p><a title=\"Permalenke til Fasten  \u2013  en tid for besinnelse\" href=\"http:\/\/www.opdacia.org\/?p=1268\" rel=\"bookmark\">Fasten \u2013 en tid for besinnelse<\/a>\u00a0(2014)<\/p>\n<h3>2. S\u00d8NDAG I FASTE<\/h3>\n<p><a title=\"Permalenke til Forklarelsen p\u00e5 berget\" href=\"http:\/\/www.opdacia.org\/?p=1281\" rel=\"bookmark\">Forklarelsen p\u00e5 berget<\/a>\u00a0(2014)<\/p>\n<h3>19. mars, den hellige Josef<\/h3>\n<p><a title=\"Permalenke til Den hellige Josef\" href=\"http:\/\/www.opdacia.org\/?p=1288\" rel=\"bookmark\">Den hellige Josef<\/a>\u00a0(2014)<\/p>\n<h3>3. S\u00d8NDAG I FASTE<\/h3>\n<p><a title=\"Permalenke til \u00abHerre, gi meg da dette vannet,  s\u00e5 jeg ikke blir t\u00f8rst mer og kan slippe \u00e5 komme hit for \u00e5 \u00f8se opp.\u00bb\" href=\"http:\/\/www.opdacia.org\/?p=1311\" rel=\"bookmark\">\u00abHerre, gi meg da dette vannet, s\u00e5 jeg ikke blir t\u00f8rst mer og kan slippe \u00e5 komme hit for \u00e5 \u00f8se opp.\u00bb<\/a>\u00a0(2014)<\/p>\n<h3>25. mars, Herrens bebudelse<\/h3>\n<p><a title=\"Permalenke til Engelens buskap til Maria\" href=\"http:\/\/www.opdacia.org\/?p=1302\" rel=\"bookmark\">Engelens buskap til Maria<\/a>\u00a0(2014)<\/p>\n<h3>4. S\u00d8NDAG I FASTE<\/h3>\n<p><a title=\"Permalenke til K\u00e4nner du igen mig?\" href=\"http:\/\/www.opdacia.org\/?p=1322\" rel=\"bookmark\">K\u00e4nner du igen mig?<\/a>\u00a0(2014)<\/p>\n<h3>5. S\u00d8NDAG I FASTE<\/h3>\n<p><a title=\"Permalenke til Called Forth to New Life\" href=\"http:\/\/www.opdacia.org\/?p=1329\" rel=\"bookmark\">Called Forth to New Life<\/a>\u00a0(2014)<\/p>\n<h3>Palmes\u00f8ndag<\/h3>\n<p><a title=\"Permalenke til Palmes\u00f8ndag\" href=\"http:\/\/www.opdacia.org\/?p=1338\" rel=\"bookmark\">Palmes\u00f8ndag &#8211; &#8220;He was despised&#8221;<\/a>\u00a0(2014)<\/p>\n<h3>Skj\u00e6rtorsdag<\/h3>\n<p><a title=\"Permalenke til \u00ab\u2026 og som han alltid hadde vist dem som var hans her i verden hvor han hadde dem kj\u00e6r, ga han dem det ytterste bevis p\u00e5 sin kj\u00e6rlighet\u00bb\" href=\"http:\/\/www.opdacia.org\/?p=1351\" rel=\"bookmark\">\u00ab\u2026 og som han alltid hadde vist dem som var hans her i verden hvor han hadde dem kj\u00e6r, ga han dem det ytterste bevis p\u00e5 sin kj\u00e6rlighet\u00bb<\/a>\u00a0(2013)<\/p>\n<h3>Langfredag<\/h3>\n<p><a title=\"Permalenke til Langfredag\" href=\"http:\/\/www.opdacia.org\/?p=1340\" rel=\"bookmark\">Langfredag &#8211; &#8220;Ruht wohl, ihr heiligen Gebeine&#8221;<\/a>\u00a0(2014)<\/p>\n<p>&nbsp;<\/p>\n<h2>P\u00e5sketiden<\/h2>\n<h3>P\u00e5skenatt &#8211; p\u00e5skedag<\/h3>\n<p><a title=\"Permalenke til P\u00e5skenat 2014\" href=\"http:\/\/www.opdacia.org\/?p=1370\" rel=\"bookmark\">P\u00e5skenat 2014<\/a><\/p>\n<h3>2. s\u00f8ndag i p\u00e5sketiden<\/h3>\n<p><a title=\"Permalenke til Den Gudomliga Barmh\u00e4rtigheten\" href=\"http:\/\/www.opdacia.org\/?p=1385\" rel=\"bookmark\">Den Gudomliga Barmh\u00e4rtigheten<\/a>\u00a0(2014)<\/p>\n<h3>3. S\u00d8NDAG I P\u00c5SKETIDEN<\/h3>\n<p><a title=\"Permalenke til Brant det ikke i hjertene v\u00e5re?\" href=\"http:\/\/www.opdacia.org\/?p=1402\" rel=\"bookmark\">Brant det ikke i hjertene v\u00e5re?<\/a>\u00a0(2014)<\/p>\n<h3>4. S\u00d8NDAG I P\u00c5SKETIDEN<\/h3>\n<p><a title=\"Permalenke til The good shepherd and his sheep\" href=\"http:\/\/www.opdacia.org\/?p=1412\" rel=\"bookmark\">The good shepherd and his sheep<\/a>\u00a0(2014)<\/p>\n<h3>5. S\u00d8NDAG I P\u00c5SKETIDEN<\/h3>\n<p><a title=\"Permalenke til Levende steiner\" href=\"http:\/\/www.opdacia.org\/?p=1420\" rel=\"bookmark\">Levende steiner<\/a>\u00a0(2014)<\/p>\n<h3>6. S\u00d8NDAG I P\u00c5SKETIDEN<\/h3>\n<p><a title=\"Permalenke til Jeg kommer til dere\" href=\"http:\/\/www.opdacia.org\/?p=1427\" rel=\"bookmark\">Jeg kommer til dere<\/a>\u00a0(2014)<\/p>\n<h3>KRISTI HIMMELFART<\/h3>\n<p><a title=\"Permalenke til Jag \u00e4r med er alla dagar till tidens slut\" href=\"http:\/\/www.opdacia.org\/?p=1430\" rel=\"bookmark\">Jag \u00e4r med er alla dagar till tidens slut<\/a>\u00a0(2013)<\/p>\n<h3>7. S\u00d8NDAG I P\u00c5SKETIDEN<\/h3>\n<p><a title=\"Permalenke til Jesu avskedsb\u00f6n\" href=\"http:\/\/www.opdacia.org\/?p=1438\" rel=\"bookmark\">Jesu avskedsb\u00f6n<\/a>\u00a0(2014)<\/p>\n<h3>PINSE<\/h3>\n<p><a title=\"Permalenke til Pinse \u2013 skapelsens morgen p\u00e5 en ny m\u00e5te\" href=\"http:\/\/www.opdacia.org\/?p=1445\" rel=\"bookmark\">Pinse \u2013 skapelsens morgen p\u00e5 en ny m\u00e5te<\/a>\u00a0(2014)<\/p>\n<h3>DEn hellige treenighet<\/h3>\n<p><a title=\"Permalenke til Vishetens lek\" href=\"http:\/\/www.opdacia.org\/?p=1451\" rel=\"bookmark\">Vishetens lek<\/a>\u00a0(2014)<\/p>\n<h3>festen for kristi legeme og blod<\/h3>\n<p><a title=\"Permalenke til The grace of the new\" href=\"http:\/\/www.opdacia.org\/?p=1459\" rel=\"bookmark\">The grace of the new<\/a>\u00a0(2014)<\/p>\n<p>&nbsp;<\/p>\n<h2>Det alminnelige kirke\u00e5r<\/h2>\n<h3>2. s\u00f8ndag i det alminnelige kirke\u00e5r<\/h3>\n<p><a title=\"Permalenke til Guds lam, der b\u00e6rer verdens synd\" href=\"http:\/\/www.opdacia.org\/?p=1147\" rel=\"bookmark\">Guds lam, der b\u00e6rer verdens synd<\/a>\u00a0(2013)<\/p>\n<h3>3. S\u00d8NDAG I DET ALMINNELIGE KIRKE\u00c5R<\/h3>\n<p><a title=\"Permalenke til Hvordan kan katolikker og lutheranere forenes?\" href=\"http:\/\/www.opdacia.org\/?p=1158\" rel=\"bookmark\">Hvordan kan katolikker og lutheranere forenes?<\/a>\u00a0(2014)<\/p>\n<h3>2. februar, HERRENS FREMSTILLING I TEMPLET<\/h3>\n<p><a title=\"Permalenke til Kyndelsmesse\" href=\"http:\/\/www.opdacia.org\/?p=1193\" rel=\"bookmark\">Kyndelsmesse<\/a>\u00a0(2014)<\/p>\n<h3>5. S\u00d8NDAG I DET ALMINNELIGE KIRKE\u00c5R<\/h3>\n<p><a title=\"Permalenke til Ni \u00e4r v\u00e4rldens ljus\" href=\"http:\/\/www.opdacia.org\/?p=1215\" rel=\"bookmark\">Ni \u00e4r v\u00e4rldens ljus<\/a>\u00a0(2014)<\/p>\n<h3>6. S\u00d8NDAG I DET ALMINNELIGE KIRKE\u00c5R<\/h3>\n<p><a title=\"Permalenke til Men jeg sier dere\u2026\" href=\"http:\/\/www.opdacia.org\/?p=1229\" rel=\"bookmark\">Men jeg sier dere\u2026<\/a>\u00a0(2014)<\/p>\n<h3>7. S\u00d8NDAG I DET ALMINNELIGE KIRKE\u00c5R<\/h3>\n<p><a title=\"Permalenke til St\u00e4drecept f\u00f6r Guds lokala tempel\" href=\"http:\/\/www.opdacia.org\/?p=1239\" rel=\"bookmark\">St\u00e4drecept f\u00f6r Guds lokala tempel<\/a>\u00a0(2014)<\/p>\n<h3>8. S\u00d8NDAG I DET ALMINNELIGE KIRKE\u00c5R<\/h3>\n<p><a title=\"Permalenke til Den modige trua\" href=\"http:\/\/www.opdacia.org\/?p=1249\" rel=\"bookmark\">Den modige trua<\/a>\u00a0(2014)<\/p>\n<h3>21. s\u00f8ndag i det alminnelige kirke\u00e5r<\/h3>\n<p><a title=\"Lenke til teksten &quot;Salig er du, Simon&quot; p\u00e5 opdacia.org\" href=\"http:\/\/www.opdacia.org\/?p=1809\">Salig er du, Simon<\/a> (2014)<\/p>\n<h3>22. s\u00f8ndag i det alminnelige kirke\u00e5r<\/h3>\n<p><a title=\"Lenke til teksten &quot;Du lokka meg, Gud, og eg l\u00e9t meg lokke&quot; p\u00e5 opdacia.org\" href=\"http:\/\/www.opdacia.org\/?p=1817\">Du lokka meg, Gud, og eg l\u00e9t meg lokke<\/a> (2014)<\/p>\n<h3>23. s\u00f8ndag i det alminnelige kirke\u00e5r<\/h3>\n<p><a title=\"Lenke til teksten &quot;Oppgjer og kj\u00e6rleikens fellesskap&quot; p\u00e5 opdacia.org\" href=\"http:\/\/www.opdacia.org\/?p=1829\">Oppgjer og kj\u00e6rleikens fellesskap<\/a> (2014)<\/p>\n<h3>24. S\u00d8NDAG I DET ALMINNELIGE KIRKE\u00c5R<\/h3>\n<p><a title=\"Lenke til teksten &quot;Ditt Kors, o Herre, tillber vi&quot; p\u00e5 opdacia.org\" href=\"http:\/\/www.opdacia.org\/?p=1839\">Ditt Kors, o Herre, tillber vi<\/a>\u00a0(14. september 2014, Korsets opph\u00f8yelse)<\/p>\n<h3>25. S\u00d8NDAG I DET ALMINNELIGE KIRKE\u00c5R<\/h3>\n<p><a title=\"Lenke til teksten &quot;Radical vulnerability&quot; p\u00e5 opdacia.org\" href=\"http:\/\/www.opdacia.org\/?p=1848\">Radical vulnerability<\/a> (2014)<\/p>\n<h3>26. S\u00d8NDAG I DET ALMINNELIGE KIRKE\u00c5R<\/h3>\n<p><a title=\"Lenke til teksten &quot;Til sannhet leder han de sm\u00e5 og f\u00f8rer dem frem p\u00e5 sin vei&quot; p\u00e5 opdacia.org\" href=\"http:\/\/www.opdacia.org\/?p=1863\">Til sannhet leder han de sm\u00e5 og f\u00f8rer dem frem p\u00e5 sin vei<\/a> (2014)<\/p>\n<h3>27. S\u00d8NDAG I DET ALMINNELIGE KIRKE\u00c5R<\/h3>\n<p><a title=\"Lenke til teksten &quot;Rosenkranss\u00f8ndag&quot; p\u00e5 opdacia.org\" href=\"http:\/\/www.opdacia.org\/?p=1874\">Rosenkranss\u00f8ndag<\/a> (2014)<\/p>\n<h3>28. S\u00d8NDAG I DET ALMINNELIGE KIRKE\u00c5R<\/h3>\n<p>&nbsp;<\/p>\n<h3>29. S\u00d8NDAG I DET ALMINNELIGE KIRKE\u00c5R<\/h3>\n<p><a title=\"Lenke til teksten &quot;V\u00e5r djupaste lojalitet&quot; p\u00e5 opdacia.org\" href=\"http:\/\/www.opdacia.org\/?p=1880#more-1880\">V\u00e5r djupaste lojalitet<\/a> (2014)<\/p>\n<h3>30. S\u00d8NDAG I DET ALMINNELIGE KIRKE\u00c5R<\/h3>\n<p><a title=\"Lenke til teksten &quot;Den gylne regel&quot; p\u00e5 opdacia.org\" href=\"http:\/\/www.opdacia.org\/?p=1891\">Den gylne regel<\/a> (2014)<\/p>\n<h3>33. S\u00d8NDAG I DET ALMINNELIGE KIRKE\u00c5R<\/h3>\n<p><a title=\"Lenke til teksten &quot;Talentene&quot; p\u00e5 opdacia.org\" href=\"http:\/\/www.opdacia.org\/?p=1958#more-1958\">Talentene<\/a> (2014)<\/p>\n<h3>\u00a0Kristi Kongefest<\/h3>\n<p><a title=\"Lenke til teksten &quot;Kristi Kongefest 2014&quot; p\u00e5 opdacia.org\" href=\"http:\/\/www.opdacia.org\/?p=1979\">Kristi Kongefest 2014<\/a><\/p>\n<h2><\/h2>\n<h2>Mariafester i l\u00f8pet av det alminnelige kirke\u00e5r<\/h2>\n<h3>15. august &#8211; festen for Marias opptagelse i himmelen<\/h3>\n<p><a title=\"Lenke til teksten &quot;Se. jeg er Herrens tjenerinne, det skje meg etter ditt Ord&quot; p\u00e5 opdacia.org\" href=\"http:\/\/www.opdacia.org\/?p=1797#more-1797\">&#8220;Se, jeg er Herrens tjenerinne, det skje meg etter ditt Ord&#8221;<\/a> ((2014)<\/p>\n<h2><\/h2>\n<h2><\/h2>\n<h2>Helgenfester<\/h2>\n<h3>28. januar &#8211; Thomas Aquinas<\/h3>\n<p><a title=\"Permalenke til 28. januar \u2013 den hellige Thomas Aquinas\" href=\"http:\/\/www.opdacia.org\/?p=1171\" rel=\"bookmark\">28. januar \u2013 den hellige Thomas Aquinas<\/a>\u00a0(2014)<\/p>\n<h3>19. MARS, DEN HELLIGE JOSEF<\/h3>\n<p><a title=\"Permalenke til Den hellige Josef\" href=\"http:\/\/www.opdacia.org\/?p=1288\" rel=\"bookmark\">Den hellige Josef<\/a>\u00a0(2014)<\/p>\n<h3>29. april &#8211; Katarina av Siena<\/h3>\n<p><a title=\"Permalenke til Helgen og kirkel\u00e6rer\" href=\"http:\/\/www.opdacia.org\/?p=1392\" rel=\"bookmark\">Helgen og kirkel\u00e6rer<\/a>\u00a0(2014)<\/p>\n<h3>29. juni &#8211; Peter og Paulus<\/h3>\n<p><a title=\"Permalenke til Petrus och Paulus\" href=\"http:\/\/www.opdacia.org\/?p=1455\" rel=\"bookmark\">Petrus och Paulus<\/a>\u00a0(2014)<\/p>\n<h3>8. august &#8211; St. Dominikus<\/h3>\n<p><a title=\"Lenke til teksten &quot;Vi \u00e4r kallade och s\u00e4nda till v\u00e4rlden f\u00f6r att den ska f\u00e5 liv&quot; p\u00e5 opdacia.org\" href=\"http:\/\/www.opdacia.org\/?p=1768\">Vi \u00e4r kallade och s\u00e4nda till v\u00e4rlden f\u00f6r att den ska f\u00e5 liv<\/a> (2014)<\/p>\n<h3>2. november &#8211; allesjelers dag<\/h3>\n<p><a title=\"Lenke til teksten &quot;Levande minne&quot; p\u00e5 opdacia.org\" href=\"http:\/\/www.opdacia.org\/?p=1905\">Levande minne <\/a>(2014)<\/p>\n<h3>2. NOVEMBER &#8211; ALLESJELERS DAG<\/h3>\n<p><a title=\"Lenke til teksten &quot;Ordens Allhelgonadag&quot; p\u00e5 opdacia.org\" href=\"http:\/\/www.opdacia.org\/?p=1934\">Ordens Allhelgonadag<\/a> (2014)<\/p>\n<h3>7. NOVEMBER &#8211;\u00a0Laterankirkens innvielse<\/h3>\n<p><a title=\"Lenke til teksten &quot;Det t\u00e5lmodige byggverk&quot; p\u00e5 opdacia.org\" href=\"http:\/\/www.opdacia.org\/?p=1945\">Det t\u00e5lmodige byggverk<\/a> (2014)<\/p>\n<h3>15. NOVEMBER &#8211;\u00a0Albert den store<\/h3>\n<p><a title=\"Lenke til teksten &quot;Albert den store&quot; p\u00e5 opdacia.org\" href=\"http:\/\/www.opdacia.org\/?p=1952\">Albert den store<\/a> (2014)<\/p>\n","protected":false},"excerpt":{"rendered":"<p>PREKENER OG REFLEKSJONER FOR LITURGISK \u00c5R A &nbsp; Advents- og juletiden 1. s\u00f8ndag i advent Vente \u2013 forvente \u2013 forberede\u00a0(2013) 2. s\u00f8ndag i advent Preparing the way\u00a0(2013) 8. desember, Jomfru Marias uplettede unnfangelse Jungfru Marias utkorelse och fullkomliga renhet\u00a0(2013) 3. &hellip; <a href=\"https:\/\/www.opdacia.org\/?page_id=109\">Les videre <span class=\"meta-nav\">&rarr;<\/span><\/a><\/p>\n","protected":false},"author":3,"featured_media":0,"parent":52,"menu_order":0,"comment_status":"open","ping_status":"open","template":"","meta":{"footnotes":"","_links_to":"","_links_to_target":""},"class_list":["post-109","page","type-page","status-publish","hentry"],"_links":{"self":[{"href":"https:\/\/www.opdacia.org\/index.php?rest_route=\/wp\/v2\/pages\/109","targetHints":{"allow":["GET"]}}],"collection":[{"href":"https:\/\/www.opdacia.org\/index.php?rest_route=\/wp\/v2\/pages"}],"about":[{"href":"https:\/\/www.opdacia.org\/index.php?rest_route=\/wp\/v2\/types\/page"}],"author":[{"embeddable":true,"href":"https:\/\/www.opdacia.org\/index.php?rest_route=\/wp\/v2\/users\/3"}],"replies":[{"embeddable":true,"href":"https:\/\/www.opdacia.org\/index.php?rest_route=%2Fwp%2Fv2%2Fcomments&post=109"}],"version-history":[{"count":27,"href":"https:\/\/www.opdacia.org\/index.php?rest_route=\/wp\/v2\/pages\/109\/revisions"}],"predecessor-version":[{"id":2000,"href":"https:\/\/www.opdacia.org\/index.php?rest_route=\/wp\/v2\/pages\/109\/revisions\/2000"}],"up":[{"embeddable":true,"href":"https:\/\/www.opdacia.org\/index.php?rest_route=\/wp\/v2\/pages\/52"}],"wp:attachment":[{"href":"https:\/\/www.opdacia.org\/index.php?rest_route=%2Fwp%2Fv2%2Fmedia&parent=109"}],"curies":[{"name":"wp","href":"https:\/\/api.w.org\/{rel}","templated":true}]}}