{"id":112,"date":"2012-11-28T00:17:34","date_gmt":"2012-11-27T23:17:34","guid":{"rendered":"http:\/\/opdacia.org\/?page_id=112"},"modified":"2015-11-24T20:42:09","modified_gmt":"2015-11-24T19:42:09","slug":"ar-b","status":"publish","type":"page","link":"https:\/\/www.opdacia.org\/?page_id=112","title":{"rendered":"\u00c5r B"},"content":{"rendered":"<h1>PREKENER OG REFLEKSJONER FOR LITURGISK \u00c5R B<\/h1>\n<p>&nbsp;<\/p>\n<h2>Advents- og juletiden<\/h2>\n<h3>1. s\u00f8ndag i advent<\/h3>\n<p><a title=\"Lenke til teksten &quot;Forventningsfull ventetid&quot; p\u00e5 www.opdacia.org\" href=\"http:\/\/www.opdacia.org\/?p=1983\">Forventningsfull ventetid<\/a> (2014)<\/p>\n<h3>2. S\u00d8NDAG I ADVENT<\/h3>\n<p><a title=\"Lenke til teksten &quot;A voice cries in the wilderness&quot; p\u00e5 www.opdacia.org \" href=\"http:\/\/www.opdacia.org\/?p=2004\">A voice cries in the wilderness<\/a> (2014)<\/p>\n<h3>8. desember, festen for Jomfru Marias uplettede unnfangelse<\/h3>\n<p><a title=\"Lenke til teksten &quot;Festen for jomfru Marias uplettede unnfangelse&quot; p\u00e5 ww.opdacia.org\" href=\"http:\/\/www.opdacia.org\/?p=2009\">Festen for jomfru Marias uplettede unnfangelse<\/a> (2014)<\/p>\n<h3>3. S\u00d8NDAG I ADVENT<\/h3>\n<p><a title=\"Lenke til teksten &quot;Gl\u00e4djen&quot; p\u00e5 www.opdacia.org\" href=\"http:\/\/www.opdacia.org\/?p=2014\">Gl\u00e4djen<\/a> (2014)<\/p>\n<h3>4. S\u00d8NDAG I ADVENT<\/h3>\n<p><a title=\"Lenke til teksten &quot;N\u00e5 er Herren n\u00e6r, kom, la oss tilbe ham&quot; p\u00e5 www.opdacia.org\" href=\"http:\/\/www.opdacia.org\/?p=2030\">&#8220;N\u00e5 er Herren n\u00e6r, kom, la oss tilbe ham&#8221; <\/a>(2014)<\/p>\n<h3>julenatt<\/h3>\n<p><a title=\"Lenke til teksten &quot;Julevangeliet&quot; p\u00e5 www.opdacia.org\" href=\"http:\/\/www.opdacia.org\/?p=2035\">Julevangeliet<\/a> (2014)<\/p>\n<h3>epifani<\/h3>\n<p><a title=\"Lenke til teksten &quot;Herrens uppenbarelse&quot; p\u00e5 www.opdacia.org\" href=\"http:\/\/www.opdacia.org\/?p=2041\">Herrens uppenbarelse<\/a> (2014)<\/p>\n<h3>HErrens d\u00e5P<\/h3>\n<p><a title=\"Lenke til teksten &quot;Guddommelig empati&quot; p\u00e5 www.opdacia.org\" href=\"http:\/\/www.opdacia.org\/?p=2050\">Guddommelig empati<\/a> (2014)<\/p>\n<h2>Fastetiden<\/h2>\n<h3>Askeonsdag<\/h3>\n<p><a title=\"Lenke til teksten &quot;Ash Wednesday&quot; p\u00e5 opdacia.org \" href=\"http:\/\/www.opdacia.org\/?p=2102\">Ash Wednesday<\/a> (2015)<\/p>\n<h3>1. S\u00d8NDAG I faste<\/h3>\n<p><a title=\"Lenke til teksten &quot;Avhengig fridom&quot; p\u00e5 opdacia.org\" href=\"http:\/\/www.opdacia.org\/?p=2108\">Avhengig fridom<\/a> (2015)<\/p>\n<h3>2. S\u00d8NDAG I faste<\/h3>\n<p><a title=\"Lenke til teksten &quot;Viss Gud er for oss, kven kan d\u00e5 vere mot oss&quot; p\u00e5 opdacia.org\" href=\"http:\/\/www.opdacia.org\/?p=2113\">Viss Gud er for oss, kven kan d\u00e5 vere mot oss<\/a> (2015)<\/p>\n<h3>3. S\u00d8NDAG I FASTE<\/h3>\n<p><a title=\"Lenke til teksten &quot;Nidk\u00e6rhed for dit hus skal fort\u00e6re mig&quot; p\u00e5 opdacia.org\" href=\"http:\/\/www.opdacia.org\/?p=2122\">Nidk\u00e6rhed for dit hus skal fort\u00e6re mig<\/a> (2015)<\/p>\n<h3>4. S\u00d8NDAG I FASTE<\/h3>\n<p><a title=\"Lenke til teksten og bildet &quot;Laetare&quot; p\u00e5 opdacia.org\" href=\"http:\/\/www.opdacia.org\/?p=2138\">Laetare<\/a> (2015)<\/p>\n<h3>19. mars, den hellige Josef (2015)<\/h3>\n<p><a title=\"Lenke til teksten &quot;Vill du ha en v\u00e4n i himlen? V\u00e4nd dig till Josef&quot;! p\u00e5 opdacia.org\" href=\"http:\/\/www.opdacia.org\/?p=2144\">Vill du ha en v\u00e4n i himlen? V\u00e4nd dig till Josef!<\/a> (2015)<\/p>\n<h3>5. S\u00d8NDAG I FASTE<\/h3>\n<p><a title=\"Lenke til teksten &quot;Fastens \u00e5nd er ikke sesongbetont!&quot; p\u00e5 opdacia.org\" href=\"http:\/\/www.opdacia.org\/?p=2151\">Fastens \u00e5nd er ikke sesongbetont!<\/a> (2015)<\/p>\n<h3>25. mars,\u00a0\u00a0I FASTE<\/h3>\n<p><a title=\"Lenke til teksten &quot;Gud i mitt k\u00f6tt och blod&quot; p\u00e5 opdacia\" href=\"http:\/\/www.opdacia.org\/?p=2154\">Gud i mitt k\u00f6tt och blod<\/a> (2015)<\/p>\n<h3>palmes\u00d8NDAG<\/h3>\n<p><a title=\"Lenke til teksten &quot;Den store uke&quot; p\u00e5 opdacia.org\" href=\"http:\/\/www.opdacia.org\/?p=2163\">Den store uke<\/a> (2015)<\/p>\n<h3>Skj\u00e6rtorsdag<\/h3>\n<p><a title=\"Lenke til teksten &quot;Nattverden&quot; p\u00e5 opdacia.org\" href=\"http:\/\/www.opdacia.org\/?p=2172\">Nattverden<\/a> (2015)<\/p>\n<h3>langfredag<\/h3>\n<p><a title=\"Lenke til teksten &quot;Tree of life&quot; p\u00e5 opdacia.org\" href=\"http:\/\/www.opdacia.org\/?p=2176\">Tree of life<\/a> (2015)<\/p>\n<h2>P\u00e5sketiden<\/h2>\n<h3>p\u00e5skevigilien<\/h3>\n<p><a title=\"Lenke til teksten &quot;Gled deg&quot; p\u00e5 opdacia.org\" href=\"http:\/\/www.opdacia.org\/?p=2185\">Gled deg<\/a> (2015)<\/p>\n<h3>2. s\u00f8ndag i p\u00e5sketiden<\/h3>\n<p><a title=\"Lenke til teksten &quot;Vi lever evighetens liv allerede n\u00e5&quot; p\u00e5 opdacia.org\" href=\"http:\/\/www.opdacia.org\/?p=2191\">Vi lever evighetens liv allerede n\u00e5<\/a> (2015)<\/p>\n<h3>3. S\u00d8NDAG I P\u00c5SKETIDEN<\/h3>\n<p><a title=\"Lenke til teksten &quot;Fred v\u00e6re med dere!&quot; p\u00e5 www.opdacia.org\" href=\"http:\/\/www.opdacia.org\/?p=2229\">Fred v\u00e6re med dere!<\/a> (2015)<\/p>\n<h3>4. S\u00d8NDAG I P\u00c5SKETIDEN<\/h3>\n<p><a title=\"Lenke til teksten &quot;Hyrdingen og hyrdingr\u00f8ysta&quot; p\u00e5 op www.opdacia.org\" href=\"http:\/\/www.opdacia.org\/?p=2235\">Hyrdingen og hyrdingr\u00f8ysta<\/a> (2015)<\/p>\n<h3>5. S\u00d8NDAG I P\u00c5SKETIDEN<\/h3>\n<p><a title=\"Lenke til teksten &quot;Vinranken og grenene: Kallet og livet i \u00c5nden&quot; p\u00e5 www.opdacia.org\" href=\"http:\/\/www.opdacia.org\/?p=2245\">Vinranken og grenene: Kallet og livet i \u00c5nden<\/a> (2015)<\/p>\n<h3>6. S\u00d8NDAG I P\u00c5SKETIDEN<\/h3>\n<p><a title=\"Lenke til teksten &quot;Min gl\u00e4dje skall vara i er&quot; p\u00e5 www.opdacia.org\" href=\"http:\/\/www.opdacia.org\/?p=2250\">Min gl\u00e4dje skall vara i er<\/a> (2015)<\/p>\n<h3>kristi himmelfart<\/h3>\n<p><a title=\"Lenke til teksten &quot;Vad \u00e4r ett l\u00f6fte v\u00e4rt?&quot; p\u00e5 www.opdacia.org\" href=\"http:\/\/www.opdacia.org\/?p=2268\">Vad \u00e4r ett l\u00f6fte v\u00e4rt?<\/a> (2015)<\/p>\n<h3>7. S\u00d8NDAG I P\u00c5SKETIDEN<\/h3>\n<p><a title=\"Lenke til teksten &quot;Forberedelse og forventning&quot; p\u00e5 www.opdacia.org\" href=\"http:\/\/www.opdacia.org\/?p=2273\">Forberedelse og forventning<\/a> (2015)<\/p>\n<h3>pinsedag<\/h3>\n<p><a title=\"Lenke til teksten &quot;Anden \u00e4r utgjuten \u00f6ver Kyrkan&quot; p\u00e5 www.opdacia.org\" href=\"http:\/\/www.opdacia.org\/?p=2253\">Anden \u00e4r utgjuten \u00f6ver Kyrkan<\/a> (2015)<\/p>\n<h3>festen for den hellige treenighet<\/h3>\n<p><a title=\"Lenke til teksten &quot;Fader, S\u00f8nn og Hellig \u00c5nd&quot; p\u00e5 www.opdacia.org\" href=\"http:\/\/www.opdacia.org\/?p=2309\">Fader, S\u00f8nn og Hellig \u00c5nd<\/a> (2015)<\/p>\n<h3>Festen for Kristi legeme og blod<\/h3>\n<p><a title=\"Lenke til teksten &quot;Panis vivus et vitalis&quot; p\u00e5 www.opdacia.org\" href=\"http:\/\/www.opdacia.org\/?p=2318\">Panis vivus et vitalis<\/a> (2015)<\/p>\n<h2>Det alminnelige kirke\u00e5r<\/h2>\n<h3>2. s\u00f8ndag i det alminnelige\u00a0kirke\u00e5r<\/h3>\n<p><a title=\"Lenke til teksten &quot;Kom och se&quot; p\u00e5 opdacia.org\" href=\"http:\/\/www.opdacia.org\/?p=2066\">Kom och se<\/a> (2015)<\/p>\n<h3>3. S\u00d8NDAG I DET ALMINNELIGE\u00a0KIRKE\u00c5R<\/h3>\n<p><a title=\"Lenke til teksten &quot;\u00c5 leve er risikabelt&quot; p\u00e5 opdacia.org\" href=\"http:\/\/www.opdacia.org\/?p=2081\">\u00c5 leve er risikabelt<\/a> (2015)<\/p>\n<h3>4. S\u00d8NDAG I DET ALMINNELIGE\u00a0KIRKE\u00c5R<\/h3>\n<p><a title=\"Lenke til teksten &quot;Han undervisade med makt och inte som de skriftl\u00e4rda&quot; p\u00e5 opdacia.org\" href=\"http:\/\/www.opdacia.org\/?p=2088\">Han undervisade med makt och inte som de skriftl\u00e4rda<\/a> (2015)<\/p>\n<h3>5. S\u00d8NDAG I DET ALMINNELIGE\u00a0KIRKE\u00c5R<\/h3>\n<p><a title=\"Lenke til teksten &quot;Forstyr mig, Herre, please, forstyr mig&quot; p\u00e5 opdacia.org.\" href=\"http:\/\/www.opdacia.org\/?p=2092\">Forstyr mig, Herre, please, forstyr mig&#8230;<\/a> (2015)<\/p>\n<h3>6. S\u00d8NDAG I DET ALMINNELIGE\u00a0KIRKE\u00c5R<\/h3>\n<p><a title=\"Lenke til teksten &quot;Den helbredende dybden i Kristi omsorg&quot; p\u00e5 opdacia.org\" href=\"http:\/\/www.opdacia.org\/?p=2095\">Den helbredende dybden i Kristi omsorg<\/a> (2015)<\/p>\n<h3>21. S\u00d8NDAG I DET ALMINNELIGE\u00a0KIRKE\u00c5R<\/h3>\n<p><a href=\"http:\/\/www.opdacia.org\/?p=2479\">Et stort mysterium<\/a> (2015)<\/p>\n<h3>22. S\u00d8NDAG I DET ALMINNELIGE\u00a0KIRKE\u00c5R<\/h3>\n<p><a href=\"http:\/\/www.opdacia.org\/?p=2488\">Cleanliness and Godliness<\/a> (2015)<\/p>\n<h3>23. S\u00d8NDAG I DET ALMINNELIGE\u00a0KIRKE\u00c5R<\/h3>\n<p><a href=\"http:\/\/www.opdacia.org\/?p=2495\">H\u00e5p og omvendelse<\/a> (2015)<\/p>\n<h3>24. S\u00d8NDAG I DET ALMINNELIGE\u00a0KIRKE\u00c5R<\/h3>\n<p><a href=\"http:\/\/www.opdacia.org\/?p=2513\">Min dom \u00f6ver Jesus<\/a> (2015)<\/p>\n<h3>25. S\u00d8NDAG I DET ALMINNELIGE\u00a0KIRKE\u00c5R<\/h3>\n<p><a href=\"http:\/\/www.opdacia.org\/?p=2519\">En fattig og tjenende kirke<\/a> (2015)<\/p>\n<h3>26. S\u00d8NDAG I DET ALMINNELIGE\u00a0KIRKE\u00c5R<\/h3>\n<p><a href=\"http:\/\/www.opdacia.org\/?p=2535\">Work in progress<\/a> (2015)<\/p>\n<h3>27. S\u00d8NDAG I DET ALMINNELIGE\u00a0KIRKE\u00c5R<\/h3>\n<p>&nbsp;<\/p>\n<h3>28. S\u00d8NDAG I DET ALMINNELIGE\u00a0KIRKE\u00c5R<\/h3>\n<p><a href=\"http:\/\/www.opdacia.org\/?p=2541\">Er det mulig \u00e5 gi alt?<\/a> (2015)<\/p>\n<h3>29. S\u00d8NDAG I DET ALMINNELIGE\u00a0KIRKE\u00c5R<\/h3>\n<p><a href=\"http:\/\/www.opdacia.org\/?p=2554\">V\u00e4ck mig ur min slummer<\/a> (2015)<\/p>\n<h3>30. S\u00d8NDAG I DET ALMINNELIGE\u00a0KIRKE\u00c5R<\/h3>\n<p><a href=\"http:\/\/www.opdacia.org\/?p=2571\">Den blinde Bartimeus<\/a> (2015)<\/p>\n<h3>32. S\u00d8NDAG I DET ALMINNELIGE\u00a0KIRKE\u00c5R<\/h3>\n<p><a href=\"http:\/\/www.opdacia.org\/?p=2581\">De skriftl\u00e4rda och \u00e4nkan<\/a> (2015)<\/p>\n<h3>33. S\u00d8NDAG I DET ALMINNELIGE\u00a0KIRKE\u00c5R<\/h3>\n<p><a href=\"http:\/\/www.opdacia.org\/?p=2590\">En fullbyrdelse og en forl\u00f8sning<\/a> (2015)<\/p>\n<h3>KRisti kongefest<\/h3>\n<p><a href=\"http:\/\/www.opdacia.org\/?p=2715\">Sanningen<\/a> (2015)<\/p>\n<h2>Mariefester i l\u00f8pet av det alminnelige kirke\u00e5r<\/h2>\n<h3>Festen for jomfru marias opptagelse i himmelen<\/h3>\n<p><a href=\"http:\/\/www.opdacia.org\/?p=2461\">N\u00e5de over n\u00e5de<\/a> (2015)<\/p>\n<h2>Helgenfester<\/h2>\n<h3>1. november &#8211; allehelgensdag<\/h3>\n<p><a href=\"http:\/\/www.opdacia.org\/?p=704\">Liten betraktning for Allehelgensdag<\/a> (2015)<\/p>\n<p>&nbsp;<\/p>\n<h3><\/h3>\n<p>&nbsp;<\/p>\n","protected":false},"excerpt":{"rendered":"<p>PREKENER OG REFLEKSJONER FOR LITURGISK \u00c5R B &nbsp; Advents- og juletiden 1. s\u00f8ndag i advent Forventningsfull ventetid (2014) 2. S\u00d8NDAG I ADVENT A voice cries in the wilderness (2014) 8. desember, festen for Jomfru Marias uplettede unnfangelse Festen for jomfru &hellip; <a href=\"https:\/\/www.opdacia.org\/?page_id=112\">Les videre <span class=\"meta-nav\">&rarr;<\/span><\/a><\/p>\n","protected":false},"author":3,"featured_media":0,"parent":52,"menu_order":0,"comment_status":"open","ping_status":"open","template":"","meta":{"footnotes":"","_links_to":"","_links_to_target":""},"class_list":["post-112","page","type-page","status-publish","hentry"],"_links":{"self":[{"href":"https:\/\/www.opdacia.org\/index.php?rest_route=\/wp\/v2\/pages\/112","targetHints":{"allow":["GET"]}}],"collection":[{"href":"https:\/\/www.opdacia.org\/index.php?rest_route=\/wp\/v2\/pages"}],"about":[{"href":"https:\/\/www.opdacia.org\/index.php?rest_route=\/wp\/v2\/types\/page"}],"author":[{"embeddable":true,"href":"https:\/\/www.opdacia.org\/index.php?rest_route=\/wp\/v2\/users\/3"}],"replies":[{"embeddable":true,"href":"https:\/\/www.opdacia.org\/index.php?rest_route=%2Fwp%2Fv2%2Fcomments&post=112"}],"version-history":[{"count":40,"href":"https:\/\/www.opdacia.org\/index.php?rest_route=\/wp\/v2\/pages\/112\/revisions"}],"predecessor-version":[{"id":2739,"href":"https:\/\/www.opdacia.org\/index.php?rest_route=\/wp\/v2\/pages\/112\/revisions\/2739"}],"up":[{"embeddable":true,"href":"https:\/\/www.opdacia.org\/index.php?rest_route=\/wp\/v2\/pages\/52"}],"wp:attachment":[{"href":"https:\/\/www.opdacia.org\/index.php?rest_route=%2Fwp%2Fv2%2Fmedia&parent=112"}],"curies":[{"name":"wp","href":"https:\/\/api.w.org\/{rel}","templated":true}]}}