{"id":114,"date":"2012-11-28T00:17:58","date_gmt":"2012-11-27T23:17:58","guid":{"rendered":"http:\/\/opdacia.org\/?page_id=114"},"modified":"2019-01-24T14:34:08","modified_gmt":"2019-01-24T13:34:08","slug":"ar-c","status":"publish","type":"page","link":"https:\/\/www.opdacia.org\/?page_id=114","title":{"rendered":"\u00c5r C"},"content":{"rendered":"<h1>PREKENER OG REFLEKSJONER FOR LITURGISK \u00c5R C<\/h1>\n<p>&nbsp;<\/p>\n<h2>Advents- og juletiden<\/h2>\n<h3>1. S\u00d8NDAG I ADVENT<\/h3>\n<header><a title=\"Permalenke til Rett ryggen, l\u00f8ft hodet\" href=\"http:\/\/www.opdacia.org\/?p=126\" rel=\"bookmark\">Rett ryggen, l\u00f8ft hodet<\/a>\u00a0(2012)<\/header>\n<header><a href=\"http:\/\/www.opdacia.org\/?p=2709\">Lux de caelo natus est nobis<\/a> (2015)<\/header>\n<header><\/header>\n<h3><\/h3>\n<header>\n<h3>8. DESEMBER, JOMFRU MARIAS UPLETTEDE UNNFANGELSE<\/h3>\n<\/header>\n<div>\n<header><a title=\"Permalenke til N\u00e5de og frihet\" href=\"http:\/\/www.opdacia.org\/?p=211\" rel=\"bookmark\">N\u00e5de og frihet<\/a>\u00a0(2012)<\/header>\n<header><\/header>\n<header><\/header>\n<header>\n<div>\n<h3><\/h3>\n<h3>2. S\u00d8NDAG I ADVENT<\/h3>\n<p><a title=\"Permalenke til \u00c5 gj\u00f8re veien klar for Herren\" href=\"http:\/\/www.opdacia.org\/?p=217\" rel=\"bookmark\">\u00c5 gj\u00f8re veien klar for Herren<\/a>\u00a0(2012)<\/p>\n<p><a href=\"http:\/\/dacia.katolsk.no\/?p=2746\">&#8230;&#8230; se Guds frelse<\/a> (2015)<\/p>\n<\/div>\n<\/header>\n<div>\n<header>\n<h3>3. S\u00d8NDAG I ADVENT<\/h3>\n<p><a title=\"Lenke til teksten &quot;Gled dere i Herren!&quot; p\u00e5 opdacia.org\" href=\"http:\/\/www.opdacia.org\/?p=239\">Gled dere i Herren!<\/a> (2012)<\/p>\n<p><a href=\"http:\/\/dacia.katolsk.no\/?p=2757\">Et incarnatus est<\/a> (2015)<\/p>\n<\/header>\n<div>\n<header><\/header>\n<h3>4. s\u00f8ndag i advent<\/h3>\n<p><a title=\"Lenke til teksten &quot;Mennesket er ikke alene&quot; p\u00e5 opdacia.org\" href=\"http:\/\/www.opdacia.org\/?p=249\">Mennesket er ikke alene<\/a>\u00a0(2012)<\/p>\n<p><a href=\"http:\/\/dacia.katolsk.no\/?p=2761\">Innspurt f\u00f8r h\u00f8ytiden<\/a> (2015)<\/p>\n<p><a href=\"http:\/\/dacia.katolsk.no\/?p=2766\">Tr\u00f8yst deg, mitt folk<\/a> (2015)<\/p>\n<h3>Kristi f\u00f8dselsfest<\/h3>\n<p><a title=\"Permalenke til The Lord\u2019s predilection for lowliness\" href=\"http:\/\/www.opdacia.org\/?p=253\" rel=\"bookmark\">The Lord\u2019s predilection for lowliness<\/a>\u00a0(2012)<\/p>\n<p><a href=\"http:\/\/dacia.katolsk.no\/?p=2771\">Ljuset som lyser i m\u00f6rkret<\/a> (2015)<\/p>\n<h3>Festen for den hellige familie<\/h3>\n<p><a title=\"Lenke til teksten &quot;Et enhetens tegn&quot; p\u00e5 opdacia.org\" href=\"http:\/\/www.opdacia.org\/?p=261\">Et enhetens tegn<\/a> (2012)<\/p>\n<h3>Herrens \u00e5penbaring<\/h3>\n<p><a title=\"Lenke til teksten &quot;Jesus Kristus: b\u00e5de \u00e5penbareren og det \u00e5penbarte&quot; p\u00e5 opdacia.org\" href=\"http:\/\/www.opdacia.org\/?p=278\">Jesus Kristus: b\u00e5de \u00e5penbareren og det \u00e5penbarte<\/a> (2013)<\/p>\n<h3>Herrens d\u00e5p<\/h3>\n<p><a title=\"Lenke til teksten &quot;Herrens dop&quot; p\u00e5 opdacia.org\" href=\"http:\/\/www.opdacia.org\/?p=308\">Herrens dop<\/a> (2013)<\/p>\n<p>&nbsp;<\/p>\n<\/div>\n<\/div>\n<\/div>\n<div>\n<header>\n<div>\n<div>\n<div>\n<h2>Fastetiden<\/h2>\n<h3>ASKEONSDAG<\/h3>\n<p><a title=\"Permalenke til Ytan och djupet\" href=\"http:\/\/www.opdacia.org\/?p=348\" rel=\"bookmark\">Ytan och djupet<\/a>\u00a0(2013)<\/p>\n<h3>1. S\u00d8NDAG I FASTE<\/h3>\n<p><a title=\"Permalenke til \u00d8velse i utholdenhet\" href=\"http:\/\/www.opdacia.org\/?p=364\" rel=\"bookmark\">\u00d8velse i utholdenhet<\/a>\u00a0(2013)<\/p>\n<h3>2. S\u00d8NDAG I FASTE<\/h3>\n<p><a title=\"Permalenke til Herre, la ditt ansikt lyse over oss\u2026\" href=\"http:\/\/www.opdacia.org\/?p=377\" rel=\"bookmark\">Herre, la ditt ansikt lyse over oss\u2026<\/a>\u00a0(2013)<\/p>\n<h3>3. S\u00d8NDAG I FASTE<\/h3>\n<p><a title=\"Permalenke til T\u00e5lamod att blomstra\" href=\"http:\/\/www.opdacia.org\/?p=403\" rel=\"bookmark\">T\u00e5lamod att blomstra<\/a>\u00a0(2013)<\/p>\n<h3>4. S\u00d8NDAG I FASTE<\/h3>\n<p><a title=\"Permalenke til Allt mitt \u00e4r ditt\" href=\"http:\/\/www.opdacia.org\/?p=416\" rel=\"bookmark\">Allt mitt \u00e4r ditt<\/a>\u00a0(2013)<\/p>\n<h3>5. S\u00d8NDAG I FASTE<\/h3>\n<p><a title=\"Permalenke til N\u00e5 skaper jeg noe nytt\" href=\"http:\/\/www.opdacia.org\/?p=439\" rel=\"bookmark\">N\u00e5 skaper jeg noe nytt<\/a>\u00a0(2013)<\/p>\n<h3>19. mars, den hellige JoseF<\/h3>\n<p><a title=\"Permalenke til Feast of St. Joseph\" href=\"http:\/\/www.opdacia.org\/?p=450\" rel=\"bookmark\">Feast of St. Joseph<\/a>\u00a0(2013)<\/p>\n<h3>PALMES\u00d8NDAG<\/h3>\n<p><a title=\"Permalenke til Den ensomme kongen\" href=\"http:\/\/www.opdacia.org\/?p=464\" rel=\"bookmark\">Den ensomme kongen<\/a>\u00a0(2013)<\/p>\n<h3>SKJ\u00c6RTORSDAG<\/h3>\n<p><a title=\"Permalenke til Den natten d\u00e5 Herren Jesus blev f\u00f6rr\u00e5dd\" href=\"http:\/\/www.opdacia.org\/?p=493\" rel=\"bookmark\">Den natten d\u00e5 Herren Jesus blev f\u00f6rr\u00e5dd<\/a>\u00a0(2013)<\/p>\n<h3>LANGFREDAG<\/h3>\n<p><a title=\"Permalenke til \u201dEcce Homo\u201d- Se m\u00e4nniskan\" href=\"http:\/\/www.opdacia.org\/?p=475\" rel=\"bookmark\">\u201dEcce Homo\u201d- Se m\u00e4nniskan<\/a>\u00a0(2013)<\/p>\n<p><a title=\"Permalenke til Langfredag\" href=\"http:\/\/www.opdacia.org\/?p=1340\" rel=\"bookmark\">\u00a0<\/a><\/p>\n<h2>P\u00e5sketiden<\/h2>\n<h3>P\u00c5SKENATT &#8211; P\u00c5SKEDAG<\/h3>\n<p><a title=\"Permalenke til Den oppstandne\" href=\"http:\/\/www.opdacia.org\/?p=487\" rel=\"bookmark\">Den oppstandne<\/a>\u00a0(2013)<\/p>\n<h3><a title=\"Permalenke til P\u00e5skenat 2014\" href=\"http:\/\/www.opdacia.org\/?p=1370\" rel=\"bookmark\">\u00a0<\/a>2. S\u00d8NDAG I P\u00c5SKETIDEN<\/h3>\n<p><a title=\"Permalenke til \u00abMin Herre og min Gud\u00bb \u2013 Den fruktbare vantro\" href=\"http:\/\/www.opdacia.org\/?p=518\" rel=\"bookmark\">\u00abMin Herre og min Gud\u00bb \u2013 Den fruktbare vantro<\/a>\u00a0(2013)<\/p>\n<h3>3. S\u00d8NDAG I P\u00c5SKETIDEN<\/h3>\n<p><a title=\"Permalenke til En ny begyndelse\" href=\"http:\/\/www.opdacia.org\/?p=556\" rel=\"bookmark\">En ny begyndelse<\/a>\u00a0(2013)<\/p>\n<h3><a title=\"Permalenke til Brant det ikke i hjertene v\u00e5re?\" href=\"http:\/\/www.opdacia.org\/?p=1402\" rel=\"bookmark\">\u00a0<\/a>4. S\u00d8NDAG I P\u00c5SKETIDEN<\/h3>\n<p><a title=\"Permalenke til Vi kjenner Ham p\u00e5 stemmen\" href=\"http:\/\/www.opdacia.org\/?p=535\" rel=\"bookmark\">Vi kjenner Ham p\u00e5 stemmen<\/a>\u00a0(2013)<\/p>\n<h3>5. S\u00d8NDAG I P\u00c5SKETIDEN<\/h3>\n<p><a title=\"Permalenke til Fullbordan och f\u00f6rnyelse\" href=\"http:\/\/www.opdacia.org\/?p=564\" rel=\"bookmark\">Fullbordan och f\u00f6rnyelse<\/a>\u00a0(2013)<\/p>\n<h3>6. S\u00d8NDAG I P\u00c5SKETIDEN<\/h3>\n<p><a title=\"Permalenke til Det enda som r\u00e4knas\" href=\"http:\/\/www.opdacia.org\/?p=576\" rel=\"bookmark\">Det enda som r\u00e4knas<\/a>\u00a0(2013)<\/p>\n<h3>KRISTI HIMMELFART<\/h3>\n<p><a title=\"Permalenke til \u00c5ndens vitner\" href=\"http:\/\/www.opdacia.org\/?p=582\" rel=\"bookmark\">\u00c5ndens vitner<\/a>\u00a0(2013)<\/p>\n<h3>7. S\u00d8NDAG I P\u00c5SKETIDEN<\/h3>\n<p><a title=\"Permalenke til V\u00e5r b\u00f6n om den helige Ande\" href=\"http:\/\/www.opdacia.org\/?p=586\" rel=\"bookmark\">V\u00e5r b\u00f6n om den helige Ande<\/a>\u00a0(2013)<\/p>\n<h3><a title=\"Permalenke til Jesu avskedsb\u00f6n\" href=\"http:\/\/www.opdacia.org\/?p=1438\" rel=\"bookmark\">\u00a0<\/a>PINSE<\/h3>\n<p><a title=\"Permalenke til Herrens pinse\" href=\"http:\/\/www.opdacia.org\/?p=551\" rel=\"bookmark\">Herrens pinse<\/a>\u00a0(2013)<\/p>\n<h3>DEN HELLIGE TREENIGHET<\/h3>\n<p><a title=\"Permalenke til Trinitatis\" href=\"http:\/\/www.opdacia.org\/?p=616\" rel=\"bookmark\">Trinitatis<\/a>\u00a0(2013)<\/p>\n<h3>FESTEN FOR KRISTI LEGEME OG BLOD<\/h3>\n<p><a title=\"Permalenke til Corpus Christi\" href=\"http:\/\/www.opdacia.org\/?p=641\" rel=\"bookmark\">Corpus Christi<\/a>\u00a0(2013)<\/p>\n<p><a title=\"Permalenke til The grace of the new\" href=\"http:\/\/www.opdacia.org\/?p=1459\" rel=\"bookmark\">\u00a0<\/a><\/p>\n<p>&nbsp;<\/p>\n<h2>Det alminnelige kirke\u00e5r<\/h2>\n<h3>2. S\u00d8NDAG I DET ALMINNELIGE KIRKE\u00c5R<\/h3>\n<p><a title=\"Permalenke til J\u00e4sningen \u00e4r p\u00e5 g\u00e5ng\" href=\"http:\/\/www.opdacia.org\/?p=316\" rel=\"bookmark\">J\u00e4sningen \u00e4r p\u00e5 g\u00e5ng<\/a>\u00a0(2013)<\/p>\n<h3>3. S\u00d8NDAG I DET ALMINNELIGE KIRKE\u00c5R<\/h3>\n<p><a title=\"Permalenke til Den Hellige \u00c5nds n\u00e6rv\u00e6r i historiens l\u00f8p\" href=\"http:\/\/www.opdacia.org\/?p=325\" rel=\"bookmark\">Den Hellige \u00c5nds n\u00e6rv\u00e6r i historiens l\u00f8p<\/a>\u00a0(2013)<\/p>\n<h3>4. s\u00f8ndag i det alminnelige kirke\u00e5r<\/h3>\n<p><a title=\"Permalenke til Et \u00e5pent blikk\" href=\"http:\/\/www.opdacia.org\/?p=336\" rel=\"bookmark\">Et \u00e5pent blikk<\/a>\u00a0(2013)<\/p>\n<h3>5. S\u00d8NDAG I DET ALMINNELIGE KIRKE\u00c5R<\/h3>\n<p><a title=\"Permalenke til Fish are not attracted by nets\" href=\"http:\/\/www.opdacia.org\/?p=353\" rel=\"bookmark\">Fish are not attracted by nets<\/a>\u00a0(2013)<\/p>\n<h3>10. s\u00f8ndag i det alminnelige kirke\u00e5r<\/h3>\n<p><a title=\"Permalenke til Jesus encounters the widow of Nain\" href=\"http:\/\/www.opdacia.org\/?p=648\" rel=\"bookmark\">Jesus encounters the widow of Nain<\/a>\u00a0(2013)<\/p>\n<h3>11. s\u00f8ndag i det alminnelige kirke\u00e5r<\/h3>\n<p><a title=\"Permalenke til Synderen som r\u00f8rer og ber\u00f8res\" href=\"http:\/\/www.opdacia.org\/?p=660\" rel=\"bookmark\">Synderen som r\u00f8rer og ber\u00f8res<\/a>\u00a0(2013)<\/p>\n<h3>13. S\u00d8NDAG I DET ALMINNELIGE KIRKE\u00c5R<\/h3>\n<p><a title=\"Permalenke til En dialog p\u00e5 kirketrappen\" href=\"http:\/\/www.opdacia.org\/?p=667\" rel=\"bookmark\">En dialog p\u00e5 kirketrappen<\/a>\u00a0(2013)<\/p>\n<h3>21. S\u00d8NDAG I DET ALMINNELIGE KIRKE\u00c5R<\/h3>\n<p><a title=\"Permalenke til \u00c5 la seg bli sett\" href=\"http:\/\/www.opdacia.org\/?p=838\" rel=\"bookmark\">\u00c5 la seg bli sett<\/a>\u00a0(2013)<\/p>\n<h3>22. S\u00d8NDAG I DET ALMINNELIGE KIRKE\u00c5R<\/h3>\n<p>&nbsp;<\/p>\n<h3>23. S\u00d8NDAG I DET ALMINNELIGE KIRKE\u00c5R<\/h3>\n<p><a title=\"Permalenke til Den radikale hverdagen\" href=\"http:\/\/www.opdacia.org\/?p=895\" rel=\"bookmark\">Den radikale hverdagen<\/a>\u00a0(2013)<\/p>\n<h3>24. S\u00d8NDAG I DET ALMINNELIGE KIRKE\u00c5R<\/h3>\n<p><a title=\"Permalenke til I sin grensel\u00f8se kj\u00e6rlighet kommer Gud oss alltid i m\u00f8te\" href=\"http:\/\/www.opdacia.org\/?p=897\" rel=\"bookmark\">I sin grensel\u00f8se kj\u00e6rlighet kommer Gud oss alltid i m\u00f8te<\/a>\u00a0(2013)<\/p>\n<h3>25. S\u00d8NDAG I DET ALMINNELIGE KIRKE\u00c5R<\/h3>\n<p><a title=\"Permalenke til V\u00e5r Herre til evig tid?\" href=\"http:\/\/www.opdacia.org\/?p=909\" rel=\"bookmark\">V\u00e5r Herre til evig tid?<\/a>\u00a0(2013)<\/p>\n<h3>26. S\u00d8NDAG I DET ALMINNELIGE KIRKE\u00c5R<\/h3>\n<p><a title=\"Permalenke til Rika och fattiga\" href=\"http:\/\/www.opdacia.org\/?p=923\" rel=\"bookmark\">Rika och fattiga<\/a>\u00a0(2013)<\/p>\n<h3>27. S\u00d8NDAG I DET ALMINNELIGE KIRKE\u00c5R<\/h3>\n<p><a title=\"Permalenke til Gi oss st\u00f8rre tro!\" href=\"http:\/\/www.opdacia.org\/?p=932\" rel=\"bookmark\">Gi oss st\u00f8rre tro!<\/a>\u00a0(2013)<\/p>\n<p><a href=\"http:\/\/www.opdacia.org\/?p=2867\">La oss tjene hverandre med glede og i kj\u00e6rlighet slik v\u00e5r Herre og Mester gjorde<\/a> (2016)<\/p>\n<h3>28. S\u00d8NDAG I DET ALMINNELIGE KIRKE\u00c5R<\/h3>\n<p><a title=\"Permalenke til Pope just for a Mass\" href=\"http:\/\/www.opdacia.org\/?p=942\" rel=\"bookmark\">Pope just for a Mass<\/a>\u00a0(2013)<\/p>\n<h3>29. S\u00d8NDAG I DET ALMINNELIGE KIRKE\u00c5R<\/h3>\n<p><a title=\"Permalenke til Hvorfor skal vi be til en Gud som vet hva vi trenger?\" href=\"http:\/\/www.opdacia.org\/?p=952\" rel=\"bookmark\">Hvorfor skal vi be til en Gud som vet hva vi trenger?<\/a>\u00a0(2013)<\/p>\n<h3>30. S\u00d8NDAG I DET ALMINNELIGE KIRKE\u00c5R<\/h3>\n<p><a title=\"Permalenke til Tilbedelsen i b\u00f8nnen\" href=\"http:\/\/www.opdacia.org\/?p=979\" rel=\"bookmark\">Tilbedelsen i b\u00f8nnen<\/a>\u00a0(2013)<\/p>\n<h3>31. S\u00d8NDAG I DET ALMINNELIGE KIRKE\u00c5R<\/h3>\n<p><a title=\"Permalenke til I dag skall jag g\u00e4sta ditt hem!\" href=\"http:\/\/www.opdacia.org\/?p=994\" rel=\"bookmark\">I dag skall jag g\u00e4sta ditt hem!<\/a>\u00a0(2013)<\/p>\n<h3>32. S\u00d8NDAG I DET ALMINNELIGE KIRKE\u00c5R<\/h3>\n<p><a title=\"Permalenke til D\u00f8den er overgangen til livet\" href=\"http:\/\/www.opdacia.org\/?p=1011\" rel=\"bookmark\">D\u00f8den er overgangen til livet<\/a>\u00a0(2013)<\/p>\n<h3>33. S\u00d8NDAG I DET ALMINNELIGE KIRKE\u00c5R<\/h3>\n<p><a title=\"Permalenke til Det faste punktet ligg framfor meg\" href=\"http:\/\/www.opdacia.org\/?p=1029\" rel=\"bookmark\">Det faste punktet ligg framfor meg<\/a>\u00a0(2013)<\/p>\n<h3>Kristi Kongefest<\/h3>\n<p><a title=\"Permalenke til Kristus Konung\" href=\"http:\/\/www.opdacia.org\/?p=1037\" rel=\"bookmark\">Kristus Konung<\/a>\u00a0(2013)<\/p>\n<p><a title=\"Permalenke til Den modige trua\" href=\"http:\/\/www.opdacia.org\/?p=1249\" rel=\"bookmark\">\u00a0<\/a><\/p>\n<h3><\/h3>\n<h2>Mariafester i l\u00f8pet av det alminnelige kirke\u00e5r<\/h2>\n<h3>15. august &#8211; Marias opptagelse i himmelen<\/h3>\n<p><a title=\"Permalenke til \u00d6desgemenskap\" href=\"http:\/\/www.opdacia.org\/?p=787\" rel=\"bookmark\">\u00d6desgemenskap<\/a>\u00a0(2013)<\/p>\n<h2><\/h2>\n<h2>Helgenfester<\/h2>\n<h3>19. MARS, DEN HELLIGE JOSEF<\/h3>\n<p><a title=\"Permalenke til Feast of St. Joseph\" href=\"http:\/\/www.opdacia.org\/?p=450\" rel=\"bookmark\">Feast of St. Joseph<\/a>\u00a0(2013)<\/p>\n<h3>29. APRIL &#8211; KATARINA AV SIENA<\/h3>\n<p><a title=\"Permalenke til Guds speil\" href=\"http:\/\/www.opdacia.org\/?p=573\" rel=\"bookmark\">Guds speil<\/a>\u00a0(2013)<\/p>\n<h3>24. juni &#8211; Johannes d\u00f8peren<\/h3>\n<p><a title=\"Permalenke til St Johannes\" href=\"http:\/\/www.opdacia.org\/?p=699\" rel=\"bookmark\">St Johannes<\/a>\u00a0(2013)<\/p>\n<h3>29. juli &#8211; Olav den hellige, olsok<\/h3>\n<p><a title=\"Permalenke til En hellig viking\" href=\"http:\/\/www.opdacia.org\/?p=677\" rel=\"bookmark\">En hellig viking<\/a>\u00a0(2013)<\/p>\n<h3>8. august &#8211; Dominikus<\/h3>\n<p><a title=\"Permalenke til Den hellige Dominikus (8. august)\" href=\"http:\/\/www.opdacia.org\/?p=753\" rel=\"bookmark\">Den hellige Dominikus\u00a0<\/a>(2013)<\/p>\n<p><a title=\"Permalenke til Helgen og kirkel\u00e6rer\" href=\"http:\/\/www.opdacia.org\/?p=1392\" rel=\"bookmark\">\u00a0<\/a><\/p>\n<h3><\/h3>\n<p><a title=\"Permalenke til Petrus och Paulus\" href=\"http:\/\/www.opdacia.org\/?p=1455\" rel=\"bookmark\">\u00a0<\/a><\/p>\n<\/div>\n<\/div>\n<\/div>\n<\/header>\n<\/div>\n","protected":false},"excerpt":{"rendered":"<p>PREKENER OG REFLEKSJONER FOR LITURGISK \u00c5R C &nbsp; Advents- og juletiden 1. S\u00d8NDAG I ADVENT Rett ryggen, l\u00f8ft hodet\u00a0(2012) Lux de caelo natus est nobis (2015) 8. DESEMBER, JOMFRU MARIAS UPLETTEDE UNNFANGELSE N\u00e5de og frihet\u00a0(2012) 2. S\u00d8NDAG I ADVENT \u00c5 &hellip; <a href=\"https:\/\/www.opdacia.org\/?page_id=114\">Les videre <span class=\"meta-nav\">&rarr;<\/span><\/a><\/p>\n","protected":false},"author":3,"featured_media":0,"parent":52,"menu_order":0,"comment_status":"open","ping_status":"open","template":"","meta":{"footnotes":"","_links_to":"","_links_to_target":""},"class_list":["post-114","page","type-page","status-publish","hentry"],"_links":{"self":[{"href":"https:\/\/www.opdacia.org\/index.php?rest_route=\/wp\/v2\/pages\/114","targetHints":{"allow":["GET"]}}],"collection":[{"href":"https:\/\/www.opdacia.org\/index.php?rest_route=\/wp\/v2\/pages"}],"about":[{"href":"https:\/\/www.opdacia.org\/index.php?rest_route=\/wp\/v2\/types\/page"}],"author":[{"embeddable":true,"href":"https:\/\/www.opdacia.org\/index.php?rest_route=\/wp\/v2\/users\/3"}],"replies":[{"embeddable":true,"href":"https:\/\/www.opdacia.org\/index.php?rest_route=%2Fwp%2Fv2%2Fcomments&post=114"}],"version-history":[{"count":104,"href":"https:\/\/www.opdacia.org\/index.php?rest_route=\/wp\/v2\/pages\/114\/revisions"}],"predecessor-version":[{"id":3245,"href":"https:\/\/www.opdacia.org\/index.php?rest_route=\/wp\/v2\/pages\/114\/revisions\/3245"}],"up":[{"embeddable":true,"href":"https:\/\/www.opdacia.org\/index.php?rest_route=\/wp\/v2\/pages\/52"}],"wp:attachment":[{"href":"https:\/\/www.opdacia.org\/index.php?rest_route=%2Fwp%2Fv2%2Fmedia&parent=114"}],"curies":[{"name":"wp","href":"https:\/\/api.w.org\/{rel}","templated":true}]}}