{"id":144,"date":"2012-11-28T16:57:51","date_gmt":"2012-11-28T15:57:51","guid":{"rendered":"http:\/\/opdacia.org\/?page_id=144"},"modified":"2013-03-08T18:32:15","modified_gmt":"2013-03-08T17:32:15","slug":"dominikanske-prestefraterniteter","status":"publish","type":"page","link":"https:\/\/www.opdacia.org\/?page_id=144","title":{"rendered":"Dominikanske prestefraterniteter"},"content":{"rendered":"<p>I dominikanerordenen findes der sammenslutninger af verdenspr\u00e6ster, der som \u201dkald i kaldet\u201d fors\u00f8ger at virkeligg\u00f8re Dominikus\u00b4 vision. Kirkeretsligt st\u00e5r de under den stedlige biskop, men \u00e5ndeligt identificerer de deres virke med orden. De afl\u00e6gger l\u00f8fter (engagerer sig) til ordensmagisteren. P\u00e5 verdensplan er der mere end 300 pr\u00e6ster \u2013 og antallet er i stigning.<\/p>\n<p>Kontaktoplysninger:<\/p>\n<p>Jesper Fich<br \/>\nMarielystvej 16<br \/>\nDK-2000 FREDERIKSBERG<br \/>\nDanmark<br \/>\n+45 61 62 27 37<br \/>\njesper.fich@gmail.com<\/p>\n","protected":false},"excerpt":{"rendered":"<p>I dominikanerordenen findes der sammenslutninger af verdenspr\u00e6ster, der som \u201dkald i kaldet\u201d fors\u00f8ger at virkeligg\u00f8re Dominikus\u00b4 vision. Kirkeretsligt st\u00e5r de under den stedlige biskop, men \u00e5ndeligt identificerer de deres virke med orden. De afl\u00e6gger l\u00f8fter (engagerer sig) til ordensmagisteren. P\u00e5 &hellip; <a href=\"https:\/\/www.opdacia.org\/?page_id=144\">Les videre <span class=\"meta-nav\">&rarr;<\/span><\/a><\/p>\n","protected":false},"author":3,"featured_media":0,"parent":58,"menu_order":5,"comment_status":"open","ping_status":"open","template":"","meta":{"footnotes":"","_links_to":"","_links_to_target":""},"class_list":["post-144","page","type-page","status-publish","hentry"],"_links":{"self":[{"href":"https:\/\/www.opdacia.org\/index.php?rest_route=\/wp\/v2\/pages\/144","targetHints":{"allow":["GET"]}}],"collection":[{"href":"https:\/\/www.opdacia.org\/index.php?rest_route=\/wp\/v2\/pages"}],"about":[{"href":"https:\/\/www.opdacia.org\/index.php?rest_route=\/wp\/v2\/types\/page"}],"author":[{"embeddable":true,"href":"https:\/\/www.opdacia.org\/index.php?rest_route=\/wp\/v2\/users\/3"}],"replies":[{"embeddable":true,"href":"https:\/\/www.opdacia.org\/index.php?rest_route=%2Fwp%2Fv2%2Fcomments&post=144"}],"version-history":[{"count":8,"href":"https:\/\/www.opdacia.org\/index.php?rest_route=\/wp\/v2\/pages\/144\/revisions"}],"predecessor-version":[{"id":430,"href":"https:\/\/www.opdacia.org\/index.php?rest_route=\/wp\/v2\/pages\/144\/revisions\/430"}],"up":[{"embeddable":true,"href":"https:\/\/www.opdacia.org\/index.php?rest_route=\/wp\/v2\/pages\/58"}],"wp:attachment":[{"href":"https:\/\/www.opdacia.org\/index.php?rest_route=%2Fwp%2Fv2%2Fmedia&parent=144"}],"curies":[{"name":"wp","href":"https:\/\/api.w.org\/{rel}","templated":true}]}}