{"id":1915,"date":"2014-11-05T17:58:55","date_gmt":"2014-11-05T16:58:55","guid":{"rendered":"http:\/\/opdacia.org\/?page_id=1915"},"modified":"2015-01-11T01:56:37","modified_gmt":"2015-01-11T00:56:37","slug":"lest-og-delt","status":"publish","type":"page","link":"https:\/\/www.opdacia.org\/?page_id=1915","title":{"rendered":"Lest og delt"},"content":{"rendered":"<header class=\"entry-header\">\n<header class=\"entry-header\">\n<h1 class=\"entry-title\">Ny post: lest og delt \u2013 du kan bidra!<\/h1>\n<div class=\"entry-meta\"><span class=\"sep\">Publisert <\/span><a title=\"20:54\" href=\"http:\/\/www.opdacia.org\/?p=1924\" rel=\"bookmark\"><time class=\"entry-date\" datetime=\"2014-11-05T20:54:56+00:00\">05\/11\/2014<\/time><\/a><span class=\"by-author\"> <span class=\"sep\">av <\/span><span class=\"author vcard\"><a class=\"url fn n\" title=\"Vis alle innlegg av opdacia\" href=\"http:\/\/www.opdacia.org\/?author=3\" rel=\"author\">opdacia<\/a><\/span><\/span><\/div>\n<\/header>\n<div class=\"entry-content\">\n<p>Som noen av dere har lagt merke til, har vi opprettet en ny kategori p\u00e5 siden v\u00e5r, \u00abLest og delt\u00bb. Her inviterer vi alle til \u00e5 sende oss, opdacia@gmail.com, sm\u00e5 gullkorn som dere m\u00e5tte komme over, og som dere vil dele med andre. Lengde ca 60 ord. Oppgi kilde og avsender. Velkommen!<\/p>\n<\/div>\n<\/header>\n<p><a title=\"Lenke til sitatet &quot;Allesjelers dag&quot; p\u00e5 opdacia.org\" href=\"http:\/\/www.opdacia.org\/?p=1917\">Allesjelers dag<\/a> (Lagt ut 5.11.2014)<\/p>\n<p><a title=\"Lenke til teksten &quot;Dominikansk visjon&quot; p\u00e5 opdacia.org\" href=\"http:\/\/www.opdacia.org\/?p=1967\">Dominikansk visjon<\/a> (17.11.2014)<\/p>\n<p><a title=\"Lenke til teksten &quot;Nytt\u00e5r&quot; p\u00e5 www.opdacia.org\" href=\"http:\/\/www.opdacia.org\/?p=2038\">Nytt\u00e5r<\/a> (31.12.2015)<\/p>\n<p><a title=\"Lenke til teksten &quot;Etter fjellet&quot; p\u00e5 www.opdacia.org\" href=\"http:\/\/www.opdacia.org\/?p=2048\">Etter fjellet<\/a> (7.1.2015)<\/p>\n","protected":false},"excerpt":{"rendered":"<p>Ny post: lest og delt \u2013 du kan bidra! Publisert 05\/11\/2014 av opdacia Som noen av dere har lagt merke til, har vi opprettet en ny kategori p\u00e5 siden v\u00e5r, \u00abLest og delt\u00bb. Her inviterer vi alle til \u00e5 sende &hellip; <a href=\"https:\/\/www.opdacia.org\/?page_id=1915\">Les videre <span class=\"meta-nav\">&rarr;<\/span><\/a><\/p>\n","protected":false},"author":3,"featured_media":0,"parent":0,"menu_order":0,"comment_status":"open","ping_status":"open","template":"","meta":{"footnotes":"","_links_to":"","_links_to_target":""},"class_list":["post-1915","page","type-page","status-publish","hentry"],"_links":{"self":[{"href":"https:\/\/www.opdacia.org\/index.php?rest_route=\/wp\/v2\/pages\/1915","targetHints":{"allow":["GET"]}}],"collection":[{"href":"https:\/\/www.opdacia.org\/index.php?rest_route=\/wp\/v2\/pages"}],"about":[{"href":"https:\/\/www.opdacia.org\/index.php?rest_route=\/wp\/v2\/types\/page"}],"author":[{"embeddable":true,"href":"https:\/\/www.opdacia.org\/index.php?rest_route=\/wp\/v2\/users\/3"}],"replies":[{"embeddable":true,"href":"https:\/\/www.opdacia.org\/index.php?rest_route=%2Fwp%2Fv2%2Fcomments&post=1915"}],"version-history":[{"count":11,"href":"https:\/\/www.opdacia.org\/index.php?rest_route=\/wp\/v2\/pages\/1915\/revisions"}],"predecessor-version":[{"id":2060,"href":"https:\/\/www.opdacia.org\/index.php?rest_route=\/wp\/v2\/pages\/1915\/revisions\/2060"}],"wp:attachment":[{"href":"https:\/\/www.opdacia.org\/index.php?rest_route=%2Fwp%2Fv2%2Fmedia&parent=1915"}],"curies":[{"name":"wp","href":"https:\/\/api.w.org\/{rel}","templated":true}]}}