{"id":2435,"date":"2015-07-21T19:36:35","date_gmt":"2015-07-21T18:36:35","guid":{"rendered":"http:\/\/opdacia.org\/?page_id=2435"},"modified":"2016-07-29T01:59:31","modified_gmt":"2016-07-29T00:59:31","slug":"dominikanerordenen-800-ar","status":"publish","type":"page","link":"https:\/\/www.opdacia.org\/?page_id=2435","title":{"rendered":"OP 800 \u00e5r"},"content":{"rendered":"<p><a href=\"http:\/\/www.opdacia.org\/wp-content\/uploads\/2015\/07\/OPjubilee_logo.png\" rel=\"attachment wp-att-2861\"><img loading=\"lazy\" decoding=\"async\" class=\"alignleft size-medium wp-image-2861\" src=\"http:\/\/www.opdacia.org\/wp-content\/uploads\/2015\/07\/OPjubilee_logo-300x83.png\" alt=\"OPjubilee_logo\" width=\"300\" height=\"83\" srcset=\"https:\/\/www.opdacia.org\/wp-content\/uploads\/2015\/07\/OPjubilee_logo-300x83.png 300w, https:\/\/www.opdacia.org\/wp-content\/uploads\/2015\/07\/OPjubilee_logo-768x213.png 768w, https:\/\/www.opdacia.org\/wp-content\/uploads\/2015\/07\/OPjubilee_logo-500x138.png 500w, https:\/\/www.opdacia.org\/wp-content\/uploads\/2015\/07\/OPjubilee_logo.png 954w\" sizes=\"auto, (max-width: 300px) 100vw, 300px\" \/><\/a><\/p>\n<p>&nbsp;<\/p>\n<p>&nbsp;<\/p>\n<p>&nbsp;<\/p>\n<p><a href=\"http:\/\/www.opdacia.org\/?p=2851\">Jubil\u00e9e of the Order in Lund: Word and Truth<\/a> (29. juli 2016)<\/p>\n<p><a href=\"http:\/\/www.opdacia.org\/?p=2846\">Beautiful Feet: The 3-fold knowledge of Dominican preaching<\/a> (29. juli 2016)<\/p>\n<p><a href=\"http:\/\/www.opdacia.org\/?p=2836\">Lectio Divina #OP800<\/a> (25. mai 2016)<\/p>\n<p><a href=\"http:\/\/www.opdacia.org\/?p=2821\">Dominikanerordenen feirer 800 \u00e5r<\/a>\u00a0(10. mai 2016)<\/p>\n<p><a href=\"http:\/\/dacia.katolsk.no\/?p=2817\">Jubileumsseminar i Lund 21. mai 2016<\/a>\u00a0(10. mai 2016)<\/p>\n<p><a href=\"http:\/\/www.opdacia.org\/?p=2387\">Government, Spirituality and Freedom<\/a> (8. august 2015)<\/p>\n<p><a href=\"http:\/\/www.opdacia.org\/?p=2351\">Et dobbelt jubel\u00e5r<\/a> (2. august 2015)<\/p>\n<p><a href=\"http:\/\/www.opdacia.org\/?p=2398\">Klostre i provinsen Dacia<\/a> (26. juli 2015)<\/p>\n<p><a title=\"Link to the article &quot;Laudare, benedicere, praedicare&quot; on the www.opdacia.org website\" href=\"http:\/\/www.opdacia.org\/?p=2393\">Laudare, benedicere, praedicare<\/a> (19. juli 2015)<\/p>\n<p><a title=\"Link to the article &quot;Proclaiming the Gospel of peace&quot; on the www.opdacia.org website\" href=\"http:\/\/www.opdacia.org\/?p=2341\">Proclaiming the Gospel of peace<\/a> (12. juli 2015)<\/p>\n<p><a title=\"Link to the article &quot;Oranges from Dominic's tree&quot; on the www.opdacia.org website\" href=\"http:\/\/www.opdacia.org\/?p=2340\">Oranges from Dominic&#8217;s tree<\/a> (5. juli 2015)<\/p>\n<p><a title=\"Link to the article &quot;Unity is the form of all beauty&quot; on the www.opdacia.org website\" href=\"http:\/\/www.opdacia.org\/?p=2366\">Unity is the form of all beauty<\/a> (28. juni 2015)<\/p>\n<p><a title=\"Lenke til artikkelen &quot;B\u00f8nn for 800-\u00e5rsjubileet&quot; p\u00e5 www.opdacia.org\" href=\"http:\/\/www.opdacia.org\/?p=2413\">B\u00f8nn for 800-\u00e5rsjubileet<\/a> (20. juni 2015)<\/p>\n<p><a title=\"Lenke til artikkelen &quot;800-\u00e5rs jubileumshelg i Toulouse&quot; p\u00e5 www.opdacia.org\" href=\"http:\/\/www.opdacia.org\/?p=2334\">800-\u00e5rs jubileumshelg i Toulouse i pinsehelgen 2015<\/a> (14. juni 2015)<\/p>\n<p>&nbsp;<\/p>\n<p>&nbsp;<\/p>\n<p>&nbsp;<\/p>\n<p>&nbsp;<\/p>\n<p>&nbsp;<\/p>\n","protected":false},"excerpt":{"rendered":"<p>&nbsp; &nbsp; &nbsp; Jubil\u00e9e of the Order in Lund: Word and Truth (29. juli 2016) Beautiful Feet: The 3-fold knowledge of Dominican preaching (29. juli 2016) Lectio Divina #OP800 (25. mai 2016) Dominikanerordenen feirer 800 \u00e5r\u00a0(10. mai 2016) Jubileumsseminar i &hellip; <a href=\"https:\/\/www.opdacia.org\/?page_id=2435\">Les videre <span class=\"meta-nav\">&rarr;<\/span><\/a><\/p>\n","protected":false},"author":3,"featured_media":0,"parent":2530,"menu_order":0,"comment_status":"open","ping_status":"closed","template":"","meta":{"footnotes":"","_links_to":"","_links_to_target":""},"class_list":["post-2435","page","type-page","status-publish","hentry"],"_links":{"self":[{"href":"https:\/\/www.opdacia.org\/index.php?rest_route=\/wp\/v2\/pages\/2435","targetHints":{"allow":["GET"]}}],"collection":[{"href":"https:\/\/www.opdacia.org\/index.php?rest_route=\/wp\/v2\/pages"}],"about":[{"href":"https:\/\/www.opdacia.org\/index.php?rest_route=\/wp\/v2\/types\/page"}],"author":[{"embeddable":true,"href":"https:\/\/www.opdacia.org\/index.php?rest_route=\/wp\/v2\/users\/3"}],"replies":[{"embeddable":true,"href":"https:\/\/www.opdacia.org\/index.php?rest_route=%2Fwp%2Fv2%2Fcomments&post=2435"}],"version-history":[{"count":18,"href":"https:\/\/www.opdacia.org\/index.php?rest_route=\/wp\/v2\/pages\/2435\/revisions"}],"predecessor-version":[{"id":2863,"href":"https:\/\/www.opdacia.org\/index.php?rest_route=\/wp\/v2\/pages\/2435\/revisions\/2863"}],"up":[{"embeddable":true,"href":"https:\/\/www.opdacia.org\/index.php?rest_route=\/wp\/v2\/pages\/2530"}],"wp:attachment":[{"href":"https:\/\/www.opdacia.org\/index.php?rest_route=%2Fwp%2Fv2%2Fmedia&parent=2435"}],"curies":[{"name":"wp","href":"https:\/\/api.w.org\/{rel}","templated":true}]}}