{"id":27,"date":"2012-11-26T23:04:37","date_gmt":"2012-11-26T22:04:37","guid":{"rendered":"http:\/\/opdacia.org\/?page_id=27"},"modified":"2020-03-11T15:38:25","modified_gmt":"2020-03-11T14:38:25","slug":"om-oss","status":"publish","type":"page","link":"https:\/\/www.opdacia.org\/?page_id=27","title":{"rendered":"Om oss"},"content":{"rendered":"<h1>opdacia.org \u2013 et dominikansk nettsted for Norden<\/h1>\n<header>\n<div>Posted on <a title=\"23:20\" href=\"http:\/\/www.opdacia.org\/?p=5\" rel=\"bookmark\"><time datetime=\"2012-11-21T23:20:08+00:00\">21\/11\/2012<\/time><\/a><\/div>\n<\/header>\n<p>&nbsp;<\/p>\n<p>1. s\u00f8ndag i advent 2012 lanserer vi www.opdacia.org!<\/p>\n<p>Her vil du finne en preken eller en refleksjon over kommende helligdags prekentekst, informasjon om de mange dominikanske hus og legfraterniteter i Norden, et nett-bibliotek og tips om det som skjer i den dominikanske verden.<\/p>\n<p>Vi som skal lage denne siden, er den dominikanske familie i Norden i fellesskap, representert ved redaksjonen i Oslo: bror Haavar Simon Nilsen i St. Dominikus kloster, sr Anne Bente Hadland p\u00e5 Sta Katarinahjemmet og \u00c5se Sofie Skjerdal, legdominikanerfraterniteten St. Dominikus.*<\/p>\n<p>Du kan kontakte oss per epost p\u00e5 opdacia@gmail.com<\/p>\n<p>Velkommen innom!<\/p>\n<p>* ) Sr. Anne Bente Hadland \u00f8nsket etter noen \u00e5r \u00e5 g\u00e5 ut av redaksjonen. Sr. Ingeborg-Marie p\u00e5 Lunden er kommet inn i hennes sted.<\/p>\n","protected":false},"excerpt":{"rendered":"<p>opdacia.org \u2013 et dominikansk nettsted for Norden Posted on 21\/11\/2012 &nbsp; 1. s\u00f8ndag i advent 2012 lanserer vi www.opdacia.org! Her vil du finne en preken eller en refleksjon over kommende helligdags prekentekst, informasjon om de mange dominikanske hus og legfraterniteter &hellip; <a href=\"https:\/\/www.opdacia.org\/?page_id=27\">Les videre <span class=\"meta-nav\">&rarr;<\/span><\/a><\/p>\n","protected":false},"author":3,"featured_media":0,"parent":0,"menu_order":1,"comment_status":"open","ping_status":"open","template":"","meta":{"footnotes":"","_links_to":"","_links_to_target":""},"class_list":["post-27","page","type-page","status-publish","hentry"],"_links":{"self":[{"href":"https:\/\/www.opdacia.org\/index.php?rest_route=\/wp\/v2\/pages\/27","targetHints":{"allow":["GET"]}}],"collection":[{"href":"https:\/\/www.opdacia.org\/index.php?rest_route=\/wp\/v2\/pages"}],"about":[{"href":"https:\/\/www.opdacia.org\/index.php?rest_route=\/wp\/v2\/types\/page"}],"author":[{"embeddable":true,"href":"https:\/\/www.opdacia.org\/index.php?rest_route=\/wp\/v2\/users\/3"}],"replies":[{"embeddable":true,"href":"https:\/\/www.opdacia.org\/index.php?rest_route=%2Fwp%2Fv2%2Fcomments&post=27"}],"version-history":[{"count":8,"href":"https:\/\/www.opdacia.org\/index.php?rest_route=\/wp\/v2\/pages\/27\/revisions"}],"predecessor-version":[{"id":3460,"href":"https:\/\/www.opdacia.org\/index.php?rest_route=\/wp\/v2\/pages\/27\/revisions\/3460"}],"wp:attachment":[{"href":"https:\/\/www.opdacia.org\/index.php?rest_route=%2Fwp%2Fv2%2Fmedia&parent=27"}],"curies":[{"name":"wp","href":"https:\/\/api.w.org\/{rel}","templated":true}]}}