{"id":62,"date":"2012-11-26T23:26:52","date_gmt":"2012-11-26T22:26:52","guid":{"rendered":"http:\/\/opdacia.org\/?page_id=62"},"modified":"2017-09-30T13:44:32","modified_gmt":"2017-09-30T12:44:32","slug":"nyheter-2","status":"publish","type":"page","link":"https:\/\/www.opdacia.org\/?page_id=62","title":{"rendered":"Nyheter"},"content":{"rendered":"<p class=\"entry-title\"><strong><a href=\"http:\/\/www.opdacia.org\/?p=2933\">Intervju med fr. Pierre-Andr\u00e9 Mauduit o.p.<\/a><\/strong><\/p>\n<p class=\"entry-title\"><strong><a href=\"http:\/\/www.opdacia.org\/?p=2915\">L\u00f8fteavleggelse i R\u00f6gle<\/a><\/strong><\/p>\n<p>Sr Katarina avla sitt h\u00f8ytidelige klosterl\u00f8fte den 7. august 2017. Se artikkelen <a href=\"http:\/\/www.opdacia.org\/?p=2915\">L\u00f8fteavleggelse i R\u00f6gle<\/a>.<\/p>\n<h1>L\u00f8fteavleggelse p\u00e5 Lunden kloster: &#8220;Bli i min kj\u00e6rlighet&#8221;<\/h1>\n<p>Sr Ingeborg-Marie, Lunden kloster, avla sitt h\u00f8ytidelige klosterl\u00f8fte den 8. mai 2015. Se bilder med mer i artikkelen &#8220;<a title=\"Lenke til artikkelen &quot;Bli i min kj\u00e6rlighet&quot; p\u00e5 www.opdacia.org\" href=\"http:\/\/www.opdacia.org\/?p=2282\">Bli i min kj\u00e6rlighet<\/a>&#8220;.<\/p>\n<h1><\/h1>\n<h1>Generalkapitlet i Trogir 2013<\/h1>\n<p><a href=\"http:\/\/dacia.katolsk.no\/wp-content\/uploads\/2012\/11\/Trogir-2013-logo.jpg\"><img loading=\"lazy\" decoding=\"async\" class=\"alignleft size-full wp-image-835\" src=\"http:\/\/dacia.katolsk.no\/wp-content\/uploads\/2012\/11\/Trogir-2013-logo.jpg\" alt=\"Trogir 2013 - logo\" width=\"236\" height=\"213\" \/><\/a>Se og les konklusjoner, intervjuer og annet fra dominikanerordenens m\u00f8te i Kroatia i sommer:<br \/>\nHovedkonklusjoner:\u00a0<a href=\"http:\/\/trogir.op.org\/index.php\/en\/?start=4\">http:\/\/trogir.op.org\/index.php\/en\/?start=4<\/a><\/p>\n<p>Generalkapitlets nettside:\u00a0<a href=\"http:\/\/trogir.op.org\/index.php\/en\/?limitstart=0\">http:\/\/trogir.op.org\/index.php\/en\/?limitstart=0<\/a><\/p>\n<p>&nbsp;<\/p>\n<p>&nbsp;<\/p>\n<p><strong>Dominikanerordenens 800-\u00e5rsjubileumsnettside:<\/strong><\/p>\n<p><a href=\"http:\/\/dacia.katolsk.no\/wp-content\/uploads\/2012\/11\/OP-800-\u00e5r-logo.jpg\"><img loading=\"lazy\" decoding=\"async\" class=\"alignleft size-full wp-image-834\" src=\"http:\/\/dacia.katolsk.no\/wp-content\/uploads\/2012\/11\/OP-800-\u00e5r-logo.jpg\" alt=\"OP 800 \u00e5r - logo\" width=\"115\" height=\"132\" \/><\/a><a href=\"http:\/\/www.op.org\/en\/content\/2016-jubilee-foundation-order-preachers\">http:\/\/www.op.org\/en\/content\/2016-jubilee-foundation-order-preachers<\/a><\/p>\n<p>&nbsp;<\/p>\n<p>&nbsp;<\/p>\n<p>&nbsp;<\/p>\n<h1><\/h1>\n<p>&nbsp;<\/p>\n<h1><\/h1>\n<h1><\/h1>\n<h1>opdacia.org \u2013 et dominikansk nettsted for Norden<\/h1>\n<header>\n<div>Posted on <a title=\"23:20\" href=\"http:\/\/www.opdacia.org\/?p=5\" rel=\"bookmark\"><time datetime=\"2012-11-21T23:20:08+00:00\">21\/11\/2012<\/time><\/a><\/div>\n<div><\/div>\n<\/header>\n<p>1. s\u00f8ndag i advent 2012 lanserer vi <a title=\"Lenke til nettstedet opdacia.org\" href=\"http:\/\/www.opdacia.org\/\" target=\"_blank\">opdacia.org<\/a>!<\/p>\n<p>Her vil du finne en preken eller en refleksjon over kommende helligdags prekentekst, informasjon om de mange dominikanske hus og legfraterniteter i Norden, et nett-bibliotek og tips om det som skjer i den dominikanske verden.<\/p>\n<p>Vi som skal lage denne siden, er den dominikanske familie i Norden i fellesskap, representert ved redaksjonen i Oslo: bror Haavar Simon Nilsen i St. Dominikus kloster, sr Anne Bente Hadland p\u00e5 Sta Katarinahjemmet og \u00c5se Sofie Skjerdal, legdominikanerfraterniteten St. Dominikus.<\/p>\n<p>Du kan kontakte oss per epost p\u00e5 opdacia@gmail.com<\/p>\n<p>Velkommen innom!<\/p>\n","protected":false},"excerpt":{"rendered":"<p>Intervju med fr. Pierre-Andr\u00e9 Mauduit o.p. L\u00f8fteavleggelse i R\u00f6gle Sr Katarina avla sitt h\u00f8ytidelige klosterl\u00f8fte den 7. august 2017. Se artikkelen L\u00f8fteavleggelse i R\u00f6gle. L\u00f8fteavleggelse p\u00e5 Lunden kloster: &#8220;Bli i min kj\u00e6rlighet&#8221; Sr Ingeborg-Marie, Lunden kloster, avla sitt h\u00f8ytidelige klosterl\u00f8fte &hellip; <a href=\"https:\/\/www.opdacia.org\/?page_id=62\">Les videre <span class=\"meta-nav\">&rarr;<\/span><\/a><\/p>\n","protected":false},"author":3,"featured_media":0,"parent":0,"menu_order":5,"comment_status":"open","ping_status":"open","template":"","meta":{"footnotes":"","_links_to":"","_links_to_target":""},"class_list":["post-62","page","type-page","status-publish","hentry"],"_links":{"self":[{"href":"https:\/\/www.opdacia.org\/index.php?rest_route=\/wp\/v2\/pages\/62","targetHints":{"allow":["GET"]}}],"collection":[{"href":"https:\/\/www.opdacia.org\/index.php?rest_route=\/wp\/v2\/pages"}],"about":[{"href":"https:\/\/www.opdacia.org\/index.php?rest_route=\/wp\/v2\/types\/page"}],"author":[{"embeddable":true,"href":"https:\/\/www.opdacia.org\/index.php?rest_route=\/wp\/v2\/users\/3"}],"replies":[{"embeddable":true,"href":"https:\/\/www.opdacia.org\/index.php?rest_route=%2Fwp%2Fv2%2Fcomments&post=62"}],"version-history":[{"count":21,"href":"https:\/\/www.opdacia.org\/index.php?rest_route=\/wp\/v2\/pages\/62\/revisions"}],"predecessor-version":[{"id":2955,"href":"https:\/\/www.opdacia.org\/index.php?rest_route=\/wp\/v2\/pages\/62\/revisions\/2955"}],"wp:attachment":[{"href":"https:\/\/www.opdacia.org\/index.php?rest_route=%2Fwp%2Fv2%2Fmedia&parent=62"}],"curies":[{"name":"wp","href":"https:\/\/api.w.org\/{rel}","templated":true}]}}