{"id":88,"date":"2012-11-27T14:59:16","date_gmt":"2012-11-27T13:59:16","guid":{"rendered":"http:\/\/opdacia.org\/?page_id=88"},"modified":"2013-03-08T18:31:27","modified_gmt":"2013-03-08T17:31:27","slug":"apostoliske-sostre","status":"publish","type":"page","link":"https:\/\/www.opdacia.org\/?page_id=88","title":{"rendered":"Apostoliske s\u00f8stre"},"content":{"rendered":"<h3><a title=\"Dominikansystrarna i Stockholm\" href=\"http:\/\/www.dominikansystrarna.se\/\">Dominikansystrarna i Stockholm<\/a><\/h3>\n<p>Vi \u00e4r tolv dominikansystrar som bor p\u00e5 V\u00e4stmannagatan i centrala Stockholm och i Fru\u00e4ngen s\u00f6der om stan. En syster \u00e4r knuten till en ekumenisk grupp i R\u00e4ttvik. H\u00e4r kan du l\u00e4sa om v\u00e5r historia och spiritualitet, vilka vi \u00e4r och vad vi g\u00f6r h\u00e4r i Sverige liksom p\u00e5 andra platser i v\u00e4rlden\u2026\u2026 <a title=\"Dominikansystrarna i Stockholm\" href=\"http:\/\/www.dominikansystrarna.se\/\"> Les mer<\/a><\/p>\n<h3><a title=\"Sta Katarinahjemmet, Oslo\" href=\"http:\/\/katarinahjemmet.katolsk.no\/ny\/\">Sta Katarinahjemmet, Oslo<\/a><\/h3>\n<p><img decoding=\"async\" src=\"http:\/\/katarinahjemmet.katolsk.no\/ny\/files\/gb2.JPG\" alt=\"\" \/><br clear=\"all\" \/> Katarinahjemmet p\u00e5 Majorstua i Oslo rommer et klosterfellesskap, et studenthjem og et gjestehus. I det eldste huset, Rosahjemmet, er det ogs\u00e5 m\u00f8telokale. Stedet drives av katolske ordenss\u00f8stre som er tilknyttet dominikanerordenen\u2026. <a title=\"Sta Katarinahjemmet\" href=\"http:\/\/katarinahjemmet.katolsk.no\/ny\/\">Les mer<\/a><\/p>\n<h3><a title=\"St. Dominikus kloster, R\u00f6gle\" href=\"http:\/\/www.roglekloster.se\/en\/\">St. Dominikus kloster, R\u00f6gle<\/a><\/h3>\n<h3><a href=\"http:\/\/www.katolsk.no\/organisasjon\/norge\/ordener\/op\/bodo\">Dominikanerinnene, Bod\u00f8<\/a><\/h3>\n","protected":false},"excerpt":{"rendered":"<p>Dominikansystrarna i Stockholm Vi \u00e4r tolv dominikansystrar som bor p\u00e5 V\u00e4stmannagatan i centrala Stockholm och i Fru\u00e4ngen s\u00f6der om stan. En syster \u00e4r knuten till en ekumenisk grupp i R\u00e4ttvik. H\u00e4r kan du l\u00e4sa om v\u00e5r historia och spiritualitet, vilka &hellip; <a href=\"https:\/\/www.opdacia.org\/?page_id=88\">Les videre <span class=\"meta-nav\">&rarr;<\/span><\/a><\/p>\n","protected":false},"author":3,"featured_media":0,"parent":58,"menu_order":3,"comment_status":"open","ping_status":"open","template":"","meta":{"footnotes":"","_links_to":"","_links_to_target":""},"class_list":["post-88","page","type-page","status-publish","hentry"],"_links":{"self":[{"href":"https:\/\/www.opdacia.org\/index.php?rest_route=\/wp\/v2\/pages\/88","targetHints":{"allow":["GET"]}}],"collection":[{"href":"https:\/\/www.opdacia.org\/index.php?rest_route=\/wp\/v2\/pages"}],"about":[{"href":"https:\/\/www.opdacia.org\/index.php?rest_route=\/wp\/v2\/types\/page"}],"author":[{"embeddable":true,"href":"https:\/\/www.opdacia.org\/index.php?rest_route=\/wp\/v2\/users\/3"}],"replies":[{"embeddable":true,"href":"https:\/\/www.opdacia.org\/index.php?rest_route=%2Fwp%2Fv2%2Fcomments&post=88"}],"version-history":[{"count":5,"href":"https:\/\/www.opdacia.org\/index.php?rest_route=\/wp\/v2\/pages\/88\/revisions"}],"predecessor-version":[{"id":426,"href":"https:\/\/www.opdacia.org\/index.php?rest_route=\/wp\/v2\/pages\/88\/revisions\/426"}],"up":[{"embeddable":true,"href":"https:\/\/www.opdacia.org\/index.php?rest_route=\/wp\/v2\/pages\/58"}],"wp:attachment":[{"href":"https:\/\/www.opdacia.org\/index.php?rest_route=%2Fwp%2Fv2%2Fmedia&parent=88"}],"curies":[{"name":"wp","href":"https:\/\/api.w.org\/{rel}","templated":true}]}}