{"id":90,"date":"2012-11-27T15:00:40","date_gmt":"2012-11-27T14:00:40","guid":{"rendered":"http:\/\/opdacia.org\/?page_id=90"},"modified":"2017-05-18T15:16:52","modified_gmt":"2017-05-18T14:16:52","slug":"legdominikanere","status":"publish","type":"page","link":"https:\/\/www.opdacia.org\/?page_id=90","title":{"rendered":"Legdominikanere"},"content":{"rendered":"<h2>Legdominikanere<\/h2>\n<p>Legdominikanerne er katolske kristne som, inspirert av St. Dominikus og Sta. Katarina av Siena, lever etter en egen ordensregel. De danner fraterniteter (fellesskap) og utgj\u00f8r, sammen med ordenens \u00f8vrige grener, en eneste familie. De har del i ordenens apostoliske sendelse ved b\u00f8nn, studier og forkynnelse utfra deres betingelser som legfolk.<\/p>\n<h3><a href=\"http:\/\/www.ecldf.net\/\">European lay DOMINIcANs &#8211; ECLDF<\/a><\/h3>\n<h3>Legdominikanerne i danmark<\/h3>\n<h3>Legdominikanerne i Lund<\/h3>\n<h3>Legdominikanerne i finland<\/h3>\n<h3>LEGDOMINIKANERNE I stockholm<\/h3>\n<h3><a href=\"http:\/\/www.katolsk.no\/organisasjon\/norge\/ordener\/top\">Legdominikanerne i Oslo (St. Dominikus fraternitet)<\/a><\/h3>\n<p>&nbsp;<\/p>\n<h3><\/h3>\n<p>&nbsp;<\/p>\n","protected":false},"excerpt":{"rendered":"<p>Legdominikanere Legdominikanerne er katolske kristne som, inspirert av St. Dominikus og Sta. Katarina av Siena, lever etter en egen ordensregel. De danner fraterniteter (fellesskap) og utgj\u00f8r, sammen med ordenens \u00f8vrige grener, en eneste familie. De har del i ordenens apostoliske &hellip; <a href=\"https:\/\/www.opdacia.org\/?page_id=90\">Les videre <span class=\"meta-nav\">&rarr;<\/span><\/a><\/p>\n","protected":false},"author":3,"featured_media":0,"parent":58,"menu_order":4,"comment_status":"open","ping_status":"open","template":"","meta":{"footnotes":"","_links_to":"","_links_to_target":""},"class_list":["post-90","page","type-page","status-publish","hentry"],"_links":{"self":[{"href":"https:\/\/www.opdacia.org\/index.php?rest_route=\/wp\/v2\/pages\/90","targetHints":{"allow":["GET"]}}],"collection":[{"href":"https:\/\/www.opdacia.org\/index.php?rest_route=\/wp\/v2\/pages"}],"about":[{"href":"https:\/\/www.opdacia.org\/index.php?rest_route=\/wp\/v2\/types\/page"}],"author":[{"embeddable":true,"href":"https:\/\/www.opdacia.org\/index.php?rest_route=\/wp\/v2\/users\/3"}],"replies":[{"embeddable":true,"href":"https:\/\/www.opdacia.org\/index.php?rest_route=%2Fwp%2Fv2%2Fcomments&post=90"}],"version-history":[{"count":11,"href":"https:\/\/www.opdacia.org\/index.php?rest_route=\/wp\/v2\/pages\/90\/revisions"}],"predecessor-version":[{"id":2904,"href":"https:\/\/www.opdacia.org\/index.php?rest_route=\/wp\/v2\/pages\/90\/revisions\/2904"}],"up":[{"embeddable":true,"href":"https:\/\/www.opdacia.org\/index.php?rest_route=\/wp\/v2\/pages\/58"}],"wp:attachment":[{"href":"https:\/\/www.opdacia.org\/index.php?rest_route=%2Fwp%2Fv2%2Fmedia&parent=90"}],"curies":[{"name":"wp","href":"https:\/\/api.w.org\/{rel}","templated":true}]}}