{"id":97,"date":"2012-11-27T16:46:26","date_gmt":"2012-11-27T15:46:26","guid":{"rendered":"http:\/\/opdacia.org\/?page_id=97"},"modified":"2015-08-22T19:41:33","modified_gmt":"2015-08-22T18:41:33","slug":"artikler","status":"publish","type":"page","link":"https:\/\/www.opdacia.org\/?page_id=97","title":{"rendered":"Artikler"},"content":{"rendered":"<nav id=\"nav-single\"><\/nav>\n<nav><a title=\"Permalenke til En julkr\u00f6nika\" href=\"http:\/\/www.opdacia.org\/?p=269\" rel=\"bookmark\">En julkr\u00f6nika<\/a>\u00a0(desember 2012)<\/nav>\n<nav><a title=\"Permalenke til Arnfinn Haram \u2013 Mannen, tiden, tr\u00f8kket\" href=\"http:\/\/www.opdacia.org\/?p=295\" rel=\"bookmark\">Arnfinn Haram \u2013 Mannen, tiden, tr\u00f8kket<\/a>\u00a0(januar 2013)<\/nav>\n<nav><a title=\"Permalenke til Fr. Gerard 75 \u00e5r\" href=\"http:\/\/www.opdacia.org\/?p=330\" rel=\"bookmark\">Fr. Gerard 75 \u00e5r<\/a>\u00a0(publisert 24. januar 2013)<\/nav>\n<nav><a title=\"Lenke til artikkelen &quot;L\u00f8fteavleggelse for bror Gabriel&quot; p\u00e5 opdacia.org\" href=\"http:\/\/www.opdacia.org\/?p=1783\">L\u00f8fteavleggelse for bror Gabriel<\/a> (publisert 11. august 2014)<\/nav>\n<nav><a title=\"Lenke til teksten &quot;Northern love stories&quot; p\u00e5 opdacia.org\" href=\"http:\/\/www.opdacia.org\/?p=1901\">&#8220;Northern love stories&#8221;<\/a> (28. oktober 2014)<\/nav>\n<nav><a title=\"Lenke til Youtube, sangen &quot;Advent&quot; av Paul Olsson og Otto Olsson med Engelbrekts Kammark\u00f6r \" href=\"http:\/\/www.opdacia.org\/?p=1993\">Det \u00e4r advent<\/a> (30. november 2014)<\/nav>\n<nav><a title=\"Lenke til artikkelen &quot;Her er legdominikanerne i Oslo&quot; p\u00e5 opdacia.org\" href=\"http:\/\/www.opdacia.org\/?p=2072\">Her er legdominikanerne i Oslo<\/a> (publisert 21.01.2015)<\/nav>\n<nav><a title=\"Lenke til artikkelen &quot;Bli i min kj\u00e6rlighet&quot; p\u00e5 www.opdacia.org\" href=\"http:\/\/www.opdacia.org\/?p=2282\">&#8220;Bli i min kj\u00e6rlighet&#8221;<\/a> &#8211; sr Ingeborg-Maries h\u00f8ytidelige klosterl\u00f8fte, Lunden kloster (8.5.2015)<\/nav>\n<nav><a title=\"Lenke til teksten &quot;Panis vivus et vitalis&quot; p\u00e5 www.opdacia.org\" href=\"http:\/\/www.opdacia.org\/?p=2318\">Panis vivus et vitalis<\/a> (7. juni 2015)<\/nav>\n<nav><\/nav>\n<nav><\/nav>\n<nav><\/nav>\n<header>\n<h2>Sommerserie 2013: Om \u00e5 hvile<\/h2>\n<\/header>\n<div>\n<p><a title=\"Permalenke til Hvile\" href=\"http:\/\/www.opdacia.org\/?p=707\" rel=\"bookmark\">Hvile<\/a>\u00a0(12. juli 2013)<\/p>\n<p><a title=\"Permalenke til Den n\u00f8dvendige roen\" href=\"http:\/\/www.opdacia.org\/?p=722\" rel=\"bookmark\">Den n\u00f8dvendige roen<\/a>\u00a0(18. juli 2013)<\/p>\n<p><a title=\"Permalenke til Vila\" href=\"http:\/\/www.opdacia.org\/?p=744\" rel=\"bookmark\">Vila<\/a>\u00a0(2. august 2013)<\/p>\n<p><a title=\"Permalenke til Kontempl-aksjon\" href=\"http:\/\/www.opdacia.org\/?p=809\" rel=\"bookmark\">Kontempl-aksjon<\/a>\u00a0(16. august 2013)<\/p>\n<p>&nbsp;<\/p>\n<h2>Sommerserie 2014: I St. Dominikus&#8217; fotspor<\/h2>\n<p><a title=\"Permalenke til I St Dominikus\u2019 fotspor I \u2013 Caleruega\" href=\"http:\/\/www.opdacia.org\/?p=1498\" rel=\"bookmark\">I St Dominikus\u2019 fotspor I \u2013 Caleruega<\/a>\u00a0(6. juli 2014)<\/p>\n<p><a title=\"Permalenke til I Dominikus\u2019 fotspor II \u2013 Toulouse\" href=\"http:\/\/www.opdacia.org\/?p=1502\" rel=\"bookmark\">I Dominikus\u2019 fotspor II \u2013 Toulouse<\/a>\u00a0(13. juli 2014)<\/p>\n<p><a title=\"Permalenke til I Dominikus\u2019 fotspor III \u2013 Fanjeaux \u2013 Prouille\" href=\"http:\/\/www.opdacia.org\/?p=1505\" rel=\"bookmark\">I Dominikus\u2019 fotspor III \u2013 Fanjeaux \u2013 Prouille<\/a>\u00a0(20. juli 2014)<\/p>\n<p><a title=\"Lenke til teksten &quot;I Dominikus' fotspor IV - Carcasonne&quot; p\u00e5 opdacia.org\" href=\"http:\/\/www.opdacia.org\/?p=1507\">I Dominikus&#8217; fotspor IV &#8211; Carcasonne<\/a> (27. juli 2014)<\/p>\n<p><a title=\"Lenke til artikkelen &quot;I Dominikus' fotspor V - Roma&quot; p\u00e5 opdacia.org\" href=\"http:\/\/www.opdacia.org\/?p=1511\">I Dominikus&#8217; fotspor V &#8211; Roma<\/a> (3. august 2014)<\/p>\n<p><a title=\"Lenke til artikkelen &quot;I St. Dominikus' fotspor VII - Paris og Bologna&quot; p\u00e5 opdacia.org\" href=\"http:\/\/www.opdacia.org\/?p=1515\">I Dominikus&#8217; fotspor VI &#8211; Paris og Bologna<\/a> (10. august 2014)<\/p>\n<p><a title=\"Lenke til artikkelen &quot;I Dominikus' fotspor VII - Dominikus' verk&quot; p\u00e5 opdacia.org.\" href=\"http:\/\/www.opdacia.org\/?p=1518\">I Dominikus, fotspor VII &#8211; Dominikus&#8217; verk<\/a> (17. august 2014)<\/p>\n<p>&nbsp;<\/p>\n<h2>Sommerserie 2015: Dominikanerordenens 800-\u00e5rsjubileum<\/h2>\n<p><a title=\"Lenke til artikkelen &quot;800-\u00e5rs jubileumshelg i Toulouse&quot; p\u00e5 www.opdacia.org\" href=\"http:\/\/www.opdacia.org\/?p=2334\">800-\u00e5rs jubileumshelg i Toulouse i pinsehelgen 2015<\/a> (14. juni 2015)<\/p>\n<p><a title=\"Lenke til artikkelen &quot;B\u00f8nn for 800-\u00e5rsjubileet&quot; p\u00e5 www.opdacia.org\" href=\"http:\/\/www.opdacia.org\/?p=2413\">B\u00f8nn for 800-\u00e5rsjubileet<\/a> (20. juni 2015)<\/p>\n<p><a title=\"Link to the article &quot;Unity is the form of all beauty&quot; on the www.opdacia.org website\" href=\"http:\/\/www.opdacia.org\/?p=2366\">Unity is the form of all beauty<\/a> (28. juni 2015)<\/p>\n<p><a title=\"Link to the article &quot;Oranges from Dominic's tree&quot; on the www.opdacia.org website\" href=\"http:\/\/www.opdacia.org\/?p=2340\">Oranges from Dominic&#8217;s tree<\/a> (5. juli 2015)<\/p>\n<p><a title=\"Link to the article &quot;Proclaiming the Gospel of peace&quot; on the www.opdacia.org website\" href=\"http:\/\/www.opdacia.org\/?p=2341\">Proclaiming the Gospel of peace<\/a> (12. juli 2015)<\/p>\n<p><a title=\"Link to the article &quot;Laudare, benedicere, praedicare&quot; on the www.opdacia.org website\" href=\"http:\/\/www.opdacia.org\/?p=2393\">Laudare, benedicere, praedicare<\/a> (19. juli 2015)<\/p>\n<p><a href=\"http:\/\/www.opdacia.org\/?p=2398\">Klostre i provinsen Dacia<\/a> (26. juli 2015)<\/p>\n<p><a href=\"http:\/\/www.opdacia.org\/?p=2351\">Et dobbelt jubel\u00e5r<\/a> (2. august 2015)<\/p>\n<p><a href=\"http:\/\/www.opdacia.org\/?p=2387\">Government, Spirituality and Freedom<\/a> (8. august 2015)<\/p>\n<p>&nbsp;<\/p>\n<p>&nbsp;<\/p>\n<\/div>\n<h1><\/h1>\n","protected":false},"excerpt":{"rendered":"<p>En julkr\u00f6nika\u00a0(desember 2012) Arnfinn Haram \u2013 Mannen, tiden, tr\u00f8kket\u00a0(januar 2013) Fr. Gerard 75 \u00e5r\u00a0(publisert 24. januar 2013) L\u00f8fteavleggelse for bror Gabriel (publisert 11. august 2014) &#8220;Northern love stories&#8221; (28. oktober 2014) Det \u00e4r advent (30. november 2014) Her er legdominikanerne &hellip; <a href=\"https:\/\/www.opdacia.org\/?page_id=97\">Les videre <span class=\"meta-nav\">&rarr;<\/span><\/a><\/p>\n","protected":false},"author":3,"featured_media":0,"parent":0,"menu_order":6,"comment_status":"open","ping_status":"open","template":"","meta":{"footnotes":"","_links_to":"","_links_to_target":""},"class_list":["post-97","page","type-page","status-publish","hentry"],"_links":{"self":[{"href":"https:\/\/www.opdacia.org\/index.php?rest_route=\/wp\/v2\/pages\/97","targetHints":{"allow":["GET"]}}],"collection":[{"href":"https:\/\/www.opdacia.org\/index.php?rest_route=\/wp\/v2\/pages"}],"about":[{"href":"https:\/\/www.opdacia.org\/index.php?rest_route=\/wp\/v2\/types\/page"}],"author":[{"embeddable":true,"href":"https:\/\/www.opdacia.org\/index.php?rest_route=\/wp\/v2\/users\/3"}],"replies":[{"embeddable":true,"href":"https:\/\/www.opdacia.org\/index.php?rest_route=%2Fwp%2Fv2%2Fcomments&post=97"}],"version-history":[{"count":42,"href":"https:\/\/www.opdacia.org\/index.php?rest_route=\/wp\/v2\/pages\/97\/revisions"}],"predecessor-version":[{"id":2476,"href":"https:\/\/www.opdacia.org\/index.php?rest_route=\/wp\/v2\/pages\/97\/revisions\/2476"}],"wp:attachment":[{"href":"https:\/\/www.opdacia.org\/index.php?rest_route=%2Fwp%2Fv2%2Fmedia&parent=97"}],"curies":[{"name":"wp","href":"https:\/\/api.w.org\/{rel}","templated":true}]}}